{"id":9110,"date":"2023-01-18T18:16:00","date_gmt":"2023-01-18T16:16:00","guid":{"rendered":"https:\/\/dev.zezz.ee\/garden\/toode\/polemonium-reptans-stairway-to-heaven\/"},"modified":"2026-03-06T16:44:20","modified_gmt":"2026-03-06T14:44:20","slug":"polemonium-reptans-stairway-to-heaven","status":"publish","type":"product","link":"https:\/\/dev.garden.ee\/en\/product\/polemonium-reptans-stairway-to-heaven\/","title":{"rendered":"Polemonium reptans &#8216;Stairway to Heaven&#8217;"},"content":{"rendered":"<input class=\"fooboxshare_post_id\" type=\"hidden\" value=\"9110\"\/>","protected":false},"excerpt":{"rendered":"<p>Roomav sinilatv on madalama kasvulisem ja laiuvam kui harilik sinilatv. Sordi erip\u00e4rana on pisikesed lehed valge-rohelisekirjud ning siniladvale iseloomulikult asetsevad lehed paaritusulgjalt. Noored lehed on roosaka tooniga ja kuna uusi lehti kavatab taim kogu vegetatsiooiperioodi siis on puhmik v\u00e4ga atraktiivne kevadest s\u00fcgiseni. Kaunid kellukestelaadsed \u00f5ied k\u00f5rguvad tugevate p\u00fcstiste varte tipus. \u00d5itsenud \u00f5isikud v\u00f5ib \u00e4ra l\u00f5igata. Madala kasvu t\u00f5ttu sobib h\u00e4sti ka kiviktaimlatesse.<\/p>","protected":false},"featured_media":9111,"template":"","meta":[],"product_brand":[],"product_cat":[9503,4406,4401,22],"product_tag":[],"class_list":{"0":"post-9110","1":"product","2":"type-product","3":"status-publish","4":"has-post-thumbnail","6":"product_cat-kiviktaimla","7":"product_cat-park","8":"product_cat-pusikud","9":"product_cat-taimed","10":"pa_moodud-k-20-30-cm-l-30-45-cm","11":"pa_oie-varv-sinine","12":"pa_oitsemise-aeg-mai-juuni","13":"pa_talvekindlus-vaga-hea","14":"pa_tsoon-z-3-9","15":"pa_variatsioon-suurem-pott","16":"pa_variatsioon-vaiksem-pott","18":"first","19":"outofstock","20":"purchasable","21":"product-type-variable"},"acf":[],"_links":{"self":[{"href":"https:\/\/dev.garden.ee\/en\/wp-json\/wp\/v2\/product\/9110","targetHints":{"allow":["GET"]}}],"collection":[{"href":"https:\/\/dev.garden.ee\/en\/wp-json\/wp\/v2\/product"}],"about":[{"href":"https:\/\/dev.garden.ee\/en\/wp-json\/wp\/v2\/types\/product"}],"wp:featuredmedia":[{"embeddable":true,"href":"https:\/\/dev.garden.ee\/en\/wp-json\/wp\/v2\/media\/9111"}],"wp:attachment":[{"href":"https:\/\/dev.garden.ee\/en\/wp-json\/wp\/v2\/media?parent=9110"}],"wp:term":[{"taxonomy":"product_brand","embeddable":true,"href":"https:\/\/dev.garden.ee\/en\/wp-json\/wp\/v2\/product_brand?post=9110"},{"taxonomy":"product_cat","embeddable":true,"href":"https:\/\/dev.garden.ee\/en\/wp-json\/wp\/v2\/product_cat?post=9110"},{"taxonomy":"product_tag","embeddable":true,"href":"https:\/\/dev.garden.ee\/en\/wp-json\/wp\/v2\/product_tag?post=9110"}],"curies":[{"name":"wp","href":"https:\/\/api.w.org\/{rel}","templated":true}]}}