{"id":9101,"date":"2023-01-18T18:15:54","date_gmt":"2023-01-18T16:15:54","guid":{"rendered":"https:\/\/dev.zezz.ee\/garden\/toode\/muhlenbergia-capillaris\/"},"modified":"2026-03-03T16:51:34","modified_gmt":"2026-03-03T14:51:34","slug":"muhlenbergia-capillaris","status":"publish","type":"product","link":"https:\/\/dev.garden.ee\/en\/product\/muhlenbergia-capillaris\/","title":{"rendered":"Muhlenbergia capillaris"},"content":{"rendered":"<input class=\"fooboxshare_post_id\" type=\"hidden\" value=\"9101\"\/>","protected":false},"excerpt":{"rendered":"<p>Suvel on muulahein v\u00e4hen\u00f5udlik, kompaktne roheline puhmik. Suve l\u00f5pupoole aga pakub erakordset silmailu oma udutaoliste \u00f5huliste roosade \u00f5itega, tehes silmad ette paljudele teistele k\u00f5rrelistele. Istutades massina, saavutate erakordselt muinasjutulise efekti, kuid kindel, et ka soolotaimena on see muulahein imeline kaunitar.<\/p>\n<p>NB! V\u00f5ib meie tingimustes olla k\u00fclma\u00f5rn, peaks saama ideaalsed kasvutingimused.<\/p>","protected":false},"featured_media":9102,"template":"","meta":[],"product_brand":[],"product_cat":[9637,4400,4415,4401,22],"product_tag":[],"class_list":{"0":"post-9101","1":"product","2":"type-product","3":"status-publish","4":"has-post-thumbnail","6":"product_cat-istutuskast","7":"product_cat-korrelised","8":"product_cat-lilleaed","9":"product_cat-pusikud","10":"product_cat-taimed","11":"pa_haiguskindlus-hea","12":"pa_moodud-k-60-100-cm-l-60-cm","13":"pa_oie-varv-roosa","14":"pa_oitsemise-aeg-august-september","15":"pa_talvekindlus-kulmaorn","16":"pa_tsoon-6-10","17":"pa_variatsioon-suurem-pott","18":"pa_variatsioon-vaiksem-pott","20":"first","21":"outofstock","22":"purchasable","23":"product-type-variable"},"acf":[],"_links":{"self":[{"href":"https:\/\/dev.garden.ee\/en\/wp-json\/wp\/v2\/product\/9101","targetHints":{"allow":["GET"]}}],"collection":[{"href":"https:\/\/dev.garden.ee\/en\/wp-json\/wp\/v2\/product"}],"about":[{"href":"https:\/\/dev.garden.ee\/en\/wp-json\/wp\/v2\/types\/product"}],"wp:featuredmedia":[{"embeddable":true,"href":"https:\/\/dev.garden.ee\/en\/wp-json\/wp\/v2\/media\/9102"}],"wp:attachment":[{"href":"https:\/\/dev.garden.ee\/en\/wp-json\/wp\/v2\/media?parent=9101"}],"wp:term":[{"taxonomy":"product_brand","embeddable":true,"href":"https:\/\/dev.garden.ee\/en\/wp-json\/wp\/v2\/product_brand?post=9101"},{"taxonomy":"product_cat","embeddable":true,"href":"https:\/\/dev.garden.ee\/en\/wp-json\/wp\/v2\/product_cat?post=9101"},{"taxonomy":"product_tag","embeddable":true,"href":"https:\/\/dev.garden.ee\/en\/wp-json\/wp\/v2\/product_tag?post=9101"}],"curies":[{"name":"wp","href":"https:\/\/api.w.org\/{rel}","templated":true}]}}