{"id":9097,"date":"2023-01-18T18:15:52","date_gmt":"2023-01-18T16:15:52","guid":{"rendered":"https:\/\/dev.zezz.ee\/garden\/toode\/polystichum-setiferum-proliferum\/"},"modified":"2026-03-06T17:38:01","modified_gmt":"2026-03-06T15:38:01","slug":"polystichum-setiferum-proliferum","status":"publish","type":"product","link":"https:\/\/dev.garden.ee\/en\/product\/polystichum-setiferum-proliferum\/","title":{"rendered":"Polystichum setiferum &#8216;Proliferum&#8217;"},"content":{"rendered":"<input class=\"fooboxshare_post_id\" type=\"hidden\" value=\"9097\"\/>","protected":false},"excerpt":{"rendered":"<p>Karvik-astels\u00f5najalg kuulub k\u00f5ige dekoriivsemate s\u00f5najalgade hulka mida on v\u00e4ga hea kasutada varjuaedades. Kaunilt tihedad, pitsilised lehed kasvavd ilusas p\u00fcstises puhmas.<\/p>","protected":false},"featured_media":9098,"template":"","meta":[],"product_brand":[],"product_cat":[4406,4401,4399,4412,22],"product_tag":[],"class_list":{"0":"post-9097","1":"product","2":"type-product","3":"status-publish","4":"has-post-thumbnail","6":"product_cat-park","7":"product_cat-pusikud","8":"product_cat-sonajalad","9":"product_cat-varjuaed","10":"product_cat-taimed","11":"pa_haiguskindlus-vaga-hea","12":"pa_moodud-k-40-60-cm-l-40-60-cm","13":"pa_talvekindlus-vaga-hea","14":"pa_tsoon-6-8","15":"pa_variatsioon-suurem-pott","16":"pa_variatsioon-vaiksem-pott","18":"first","19":"outofstock","20":"purchasable","21":"product-type-variable"},"acf":[],"_links":{"self":[{"href":"https:\/\/dev.garden.ee\/en\/wp-json\/wp\/v2\/product\/9097","targetHints":{"allow":["GET"]}}],"collection":[{"href":"https:\/\/dev.garden.ee\/en\/wp-json\/wp\/v2\/product"}],"about":[{"href":"https:\/\/dev.garden.ee\/en\/wp-json\/wp\/v2\/types\/product"}],"wp:featuredmedia":[{"embeddable":true,"href":"https:\/\/dev.garden.ee\/en\/wp-json\/wp\/v2\/media\/9098"}],"wp:attachment":[{"href":"https:\/\/dev.garden.ee\/en\/wp-json\/wp\/v2\/media?parent=9097"}],"wp:term":[{"taxonomy":"product_brand","embeddable":true,"href":"https:\/\/dev.garden.ee\/en\/wp-json\/wp\/v2\/product_brand?post=9097"},{"taxonomy":"product_cat","embeddable":true,"href":"https:\/\/dev.garden.ee\/en\/wp-json\/wp\/v2\/product_cat?post=9097"},{"taxonomy":"product_tag","embeddable":true,"href":"https:\/\/dev.garden.ee\/en\/wp-json\/wp\/v2\/product_tag?post=9097"}],"curies":[{"name":"wp","href":"https:\/\/api.w.org\/{rel}","templated":true}]}}