{"id":9092,"date":"2023-01-18T18:15:49","date_gmt":"2023-01-18T16:15:49","guid":{"rendered":"https:\/\/dev.zezz.ee\/garden\/toode\/pulsatilla-vulgaris\/"},"modified":"2026-03-07T13:01:46","modified_gmt":"2026-03-07T11:01:46","slug":"pulsatilla-vulgaris","status":"publish","type":"product","link":"https:\/\/dev.garden.ee\/en\/product\/pulsatilla-vulgaris\/","title":{"rendered":"Pulsatilla vulgaris"},"content":{"rendered":"<input class=\"fooboxshare_post_id\" type=\"hidden\" value=\"9092\"\/>","protected":false},"excerpt":{"rendered":"<p>Igal kevadel, kohe lume sulades tulevad mullast n\u00e4htavale karvased nupud, millest puhkevad suured lillakassinised, kellukjad \u00f5ied. \u00d5itsemise j\u00e4rel kaunistavad karukelli pikad karvased, dekoratiivsed seemnetutid ja rohelised narmasjas lehed. Harilik karukell sobib kiviktaimlatesse, p\u00e4ikeselistele kohtadele.<\/p>","protected":false},"featured_media":9093,"template":"","meta":[],"product_brand":[],"product_cat":[4407,4415,9650,4401,4408,22],"product_tag":[],"class_list":{"0":"post-9092","1":"product","2":"type-product","3":"status-publish","4":"has-post-thumbnail","6":"product_cat-aasad","7":"product_cat-lilleaed","8":"product_cat-looduslik-aed","9":"product_cat-pusikud","10":"product_cat-vaike-aed","11":"product_cat-taimed","12":"pa_moodud-k-15-30-cm-l-25-30-cm","13":"pa_oie-varv-lilla","14":"pa_oitsemise-aeg-aprill-mai","15":"pa_talvekindlus-vaga-hea","16":"pa_tsoon-2-9","17":"pa_variatsioon-suurem-pott","18":"pa_variatsioon-vaiksem-pott","20":"first","21":"outofstock","22":"purchasable","23":"product-type-variable"},"acf":[],"_links":{"self":[{"href":"https:\/\/dev.garden.ee\/en\/wp-json\/wp\/v2\/product\/9092","targetHints":{"allow":["GET"]}}],"collection":[{"href":"https:\/\/dev.garden.ee\/en\/wp-json\/wp\/v2\/product"}],"about":[{"href":"https:\/\/dev.garden.ee\/en\/wp-json\/wp\/v2\/types\/product"}],"wp:featuredmedia":[{"embeddable":true,"href":"https:\/\/dev.garden.ee\/en\/wp-json\/wp\/v2\/media\/9093"}],"wp:attachment":[{"href":"https:\/\/dev.garden.ee\/en\/wp-json\/wp\/v2\/media?parent=9092"}],"wp:term":[{"taxonomy":"product_brand","embeddable":true,"href":"https:\/\/dev.garden.ee\/en\/wp-json\/wp\/v2\/product_brand?post=9092"},{"taxonomy":"product_cat","embeddable":true,"href":"https:\/\/dev.garden.ee\/en\/wp-json\/wp\/v2\/product_cat?post=9092"},{"taxonomy":"product_tag","embeddable":true,"href":"https:\/\/dev.garden.ee\/en\/wp-json\/wp\/v2\/product_tag?post=9092"}],"curies":[{"name":"wp","href":"https:\/\/api.w.org\/{rel}","templated":true}]}}