{"id":9087,"date":"2023-01-18T18:15:47","date_gmt":"2023-01-18T16:15:47","guid":{"rendered":"https:\/\/dev.zezz.ee\/garden\/toode\/molinia-arundinacea-les-ponts-de-ce\/"},"modified":"2026-03-03T12:39:48","modified_gmt":"2026-03-03T10:39:48","slug":"molinia-arundinacea-les-ponts-de-ce","status":"publish","type":"product","link":"https:\/\/dev.garden.ee\/en\/product\/molinia-arundinacea-les-ponts-de-ce\/","title":{"rendered":"Molinia arundinacea &#8216;Les Ponts de C\u00e9&#8217;"},"content":{"rendered":"<input class=\"fooboxshare_post_id\" type=\"hidden\" value=\"9087\"\/>","protected":false},"excerpt":{"rendered":"<p>Kauni puhma moodustav k\u00f5rreline, mille lineaarne lehestik muutub s\u00fcgisperioodiks s\u00e4ravalt kuldkollase ja pronksiseguseks, kohati esineb ka veinipunast. J\u00e4ikade \u00f5ievartega kaunis ornamentaalne k\u00f5rreline. Hallikad, peaaegu l\u00e4bipaistvad peene hargnevusega \u00f5isikud, h\u00f5ljuvad graatsiliselt \u00fcle madala kaardus lehestiku. V\u00f5ib kasvatada bord\u00fc\u00fcrina, hekina, vajab veidi rohkem ruumi, sest ta kasvab koos \u00f5isikutega p\u00e4ris suureks.\u00a0Efektne nii soolotaimena kui ka\u00a0taustataimena nt koos heleeniumi, k\u00f5rge astri, astilbe, raudrohu, kirburohu, kolmetise vesikanepiga jne. Dramaatilisust saab lisada taimele, kui sobitada teiste dekoratiivsete k\u00f5rrelistega.<\/p>\n<div id=\"product_product_p_591\" class=\"tb_row1\">Kaaslastena sobivad nt\u00a0<em>Aster novae-angliae<\/em> &#8216;Marina Wolkonsky&#8217; ja\u00a0<em>Helenium<\/em> &#8216;Sahin&#8217;s Early Flowerer&#8217;<em>.<\/em><\/div>","protected":false},"featured_media":9088,"template":"","meta":[],"product_brand":[],"product_cat":[4407,4400,4415,4401,22],"product_tag":[],"class_list":{"0":"post-9087","1":"product","2":"type-product","3":"status-publish","4":"has-post-thumbnail","6":"product_cat-aasad","7":"product_cat-korrelised","8":"product_cat-lilleaed","9":"product_cat-pusikud","10":"product_cat-taimed","11":"pa_haiguskindlus-hea","12":"pa_moodud-k-150-cm-l-90-cm","13":"pa_oie-varv-pruun","14":"pa_oitsemise-aeg-august-september","15":"pa_talvekindlus-vaga-hea","16":"pa_tsoon-4-9","17":"pa_variatsioon-suurem-pott","18":"pa_variatsioon-vaiksem-pott","20":"first","21":"outofstock","22":"purchasable","23":"product-type-variable"},"acf":[],"_links":{"self":[{"href":"https:\/\/dev.garden.ee\/en\/wp-json\/wp\/v2\/product\/9087","targetHints":{"allow":["GET"]}}],"collection":[{"href":"https:\/\/dev.garden.ee\/en\/wp-json\/wp\/v2\/product"}],"about":[{"href":"https:\/\/dev.garden.ee\/en\/wp-json\/wp\/v2\/types\/product"}],"wp:featuredmedia":[{"embeddable":true,"href":"https:\/\/dev.garden.ee\/en\/wp-json\/wp\/v2\/media\/9088"}],"wp:attachment":[{"href":"https:\/\/dev.garden.ee\/en\/wp-json\/wp\/v2\/media?parent=9087"}],"wp:term":[{"taxonomy":"product_brand","embeddable":true,"href":"https:\/\/dev.garden.ee\/en\/wp-json\/wp\/v2\/product_brand?post=9087"},{"taxonomy":"product_cat","embeddable":true,"href":"https:\/\/dev.garden.ee\/en\/wp-json\/wp\/v2\/product_cat?post=9087"},{"taxonomy":"product_tag","embeddable":true,"href":"https:\/\/dev.garden.ee\/en\/wp-json\/wp\/v2\/product_tag?post=9087"}],"curies":[{"name":"wp","href":"https:\/\/api.w.org\/{rel}","templated":true}]}}