{"id":9077,"date":"2023-01-18T18:15:41","date_gmt":"2023-01-18T16:15:41","guid":{"rendered":"https:\/\/dev.zezz.ee\/garden\/toode\/calluna-vulgaris-silver-knight\/"},"modified":"2023-03-08T15:58:03","modified_gmt":"2023-03-08T13:58:03","slug":"calluna-vulgaris-silver-knight","status":"publish","type":"product","link":"https:\/\/dev.garden.ee\/en\/product\/calluna-vulgaris-silver-knight\/","title":{"rendered":"Calluna vulgaris &#8216;Silver Knight&#8217;"},"content":{"rendered":"<input class=\"fooboxshare_post_id\" type=\"hidden\" value=\"9077\"\/>","protected":false},"excerpt":{"rendered":"<p>Kanarbiku puhul on tegemist madalakasvulise v\u00f5i k\u00e4\u00e4bus igihalja p\u00f5\u00f5saga, mille varred on kaetud pisikeste \u00fcksteist katvate lehtedega. Pisikestest \u00f5iekestest moodustuvad varte tippudes aga pikad kitsad \u00f5isikud.<\/p>\n<p>Kompaktne, igihaljas v\u00e4ike p\u00f5\u00f5sas on korrap\u00e4rase p\u00fcstise vormiga. Taimel on pisikesed, pehmed h\u00f5behallid villased lehed, mis muutuvad talve tulekul purpurhalliks. Tema p\u00fcstise kasvuga v\u00f5rsed annavad taimele pisut turris oleku. Suve l\u00f5pust kuni k\u00fclmadeni on taime v\u00f5rsed rikkalikult kaetud pisikeste kelluka kujuliste \u00f5itega. Taim vajab happelist niiskemat mulda, mis oleks samas ka v\u00e4ga viljakas. Talub h\u00e4sti ka pisut tuulisemaid kasvutingimusi. Need dekoratiivsed v\u00e4ikep\u00f5\u00f5sad on v\u00e4ga dekoratiivsed mesilastele. Istutatuna massiliselt loob p\u00f5neva turritava maastiku. Taim sobib h\u00e4sti ka taimekastidesse v\u00f5i erinevatesse segapeenratesse.<\/p>","protected":false},"featured_media":9078,"template":"","meta":[],"product_brand":[],"product_cat":[4403,6934,4406,9200,4396,4412,22],"product_tag":[],"class_list":{"0":"post-9077","1":"product","2":"type-product","3":"status-publish","4":"has-post-thumbnail","6":"product_cat-kodu","7":"product_cat-mesilassobralik-aed","8":"product_cat-park","9":"product_cat-pinnakatjad","10":"product_cat-puud-ja-poosad","11":"product_cat-varjuaed","12":"product_cat-taimed","13":"pa_moodud-k-30-cm-l-40-cm","14":"pa_oie-varv-lilla","15":"pa_oitsemise-aeg-august-september","16":"pa_variatsioon-suurem-pott","17":"pa_variatsioon-vaiksem-pott","19":"first","20":"instock","21":"purchasable","22":"product-type-variable"},"acf":[],"_links":{"self":[{"href":"https:\/\/dev.garden.ee\/en\/wp-json\/wp\/v2\/product\/9077","targetHints":{"allow":["GET"]}}],"collection":[{"href":"https:\/\/dev.garden.ee\/en\/wp-json\/wp\/v2\/product"}],"about":[{"href":"https:\/\/dev.garden.ee\/en\/wp-json\/wp\/v2\/types\/product"}],"wp:featuredmedia":[{"embeddable":true,"href":"https:\/\/dev.garden.ee\/en\/wp-json\/wp\/v2\/media\/9078"}],"wp:attachment":[{"href":"https:\/\/dev.garden.ee\/en\/wp-json\/wp\/v2\/media?parent=9077"}],"wp:term":[{"taxonomy":"product_brand","embeddable":true,"href":"https:\/\/dev.garden.ee\/en\/wp-json\/wp\/v2\/product_brand?post=9077"},{"taxonomy":"product_cat","embeddable":true,"href":"https:\/\/dev.garden.ee\/en\/wp-json\/wp\/v2\/product_cat?post=9077"},{"taxonomy":"product_tag","embeddable":true,"href":"https:\/\/dev.garden.ee\/en\/wp-json\/wp\/v2\/product_tag?post=9077"}],"curies":[{"name":"wp","href":"https:\/\/api.w.org\/{rel}","templated":true}]}}