{"id":9037,"date":"2023-01-18T18:15:18","date_gmt":"2023-01-18T16:15:18","guid":{"rendered":"https:\/\/dev.zezz.ee\/garden\/toode\/carpinus-betulus\/"},"modified":"2023-03-08T16:22:31","modified_gmt":"2023-03-08T14:22:31","slug":"carpinus-betulus","status":"publish","type":"product","link":"https:\/\/dev.garden.ee\/en\/product\/carpinus-betulus\/","title":{"rendered":"Carpinus betulus"},"content":{"rendered":"<input class=\"fooboxshare_post_id\" type=\"hidden\" value=\"9037\"\/>","protected":false},"excerpt":{"rendered":"<p>T\u00e4nuv\u00e4\u00e4rne heki loomiseks, sest on aeglase kasvuga ja talub h\u00e4sti k\u00e4rpimist. Lehed on 3\u201310 cm pikad, saagja servaga. S\u00fcgisel lehed kollased, oran\u017eid. \u00d5itseb mai keskel lehtede puhkemise ajal. Isas\u00f5ied koondunud urbadesse, mis moodustuvad eelmisel s\u00fcgisel. \u00d5itsemise ajal urvad rippuvad, \u00f5iekate punakas. Emas\u00f5isikud arenevad noorte v\u00f5rsete tippudes lehtede puhkemise ajal. Vili on v\u00e4ike p\u00e4hklike, mis on m\u00fcrgine. K\u00fcllaltki k\u00fclmakindel, varjutaluv. Eelistab huumusrikkaid v\u00e4rskeid muldi.<\/p>","protected":false},"featured_media":9038,"template":"","meta":[],"product_brand":[],"product_cat":[4403,4395,4406,4396,4412,22],"product_tag":[],"class_list":{"0":"post-9037","1":"product","2":"type-product","3":"status-publish","4":"has-post-thumbnail","6":"product_cat-kodu","7":"product_cat-hekid","8":"product_cat-park","9":"product_cat-puud-ja-poosad","10":"product_cat-varjuaed","11":"product_cat-taimed","12":"pa_moodud-k-3-m-l-1-m","13":"pa_oie-varv-kreemjas","14":"pa_oitsemise-aeg-mai","15":"pa_talvekindlus-hea","16":"pa_tsoon-5-8","17":"pa_variatsioon-h-120-170-cm","18":"pa_variatsioon-h-175-200-cm","19":"pa_variatsioon-h-200-cm","20":"pa_variatsioon-h-40-80-cm","21":"pa_variatsioon-h-80-100-cm","22":"pa_variatsioon-mitmetuveline-h-200-250-cm","24":"first","25":"instock","26":"purchasable","27":"product-type-variable"},"acf":[],"_links":{"self":[{"href":"https:\/\/dev.garden.ee\/en\/wp-json\/wp\/v2\/product\/9037","targetHints":{"allow":["GET"]}}],"collection":[{"href":"https:\/\/dev.garden.ee\/en\/wp-json\/wp\/v2\/product"}],"about":[{"href":"https:\/\/dev.garden.ee\/en\/wp-json\/wp\/v2\/types\/product"}],"wp:featuredmedia":[{"embeddable":true,"href":"https:\/\/dev.garden.ee\/en\/wp-json\/wp\/v2\/media\/9038"}],"wp:attachment":[{"href":"https:\/\/dev.garden.ee\/en\/wp-json\/wp\/v2\/media?parent=9037"}],"wp:term":[{"taxonomy":"product_brand","embeddable":true,"href":"https:\/\/dev.garden.ee\/en\/wp-json\/wp\/v2\/product_brand?post=9037"},{"taxonomy":"product_cat","embeddable":true,"href":"https:\/\/dev.garden.ee\/en\/wp-json\/wp\/v2\/product_cat?post=9037"},{"taxonomy":"product_tag","embeddable":true,"href":"https:\/\/dev.garden.ee\/en\/wp-json\/wp\/v2\/product_tag?post=9037"}],"curies":[{"name":"wp","href":"https:\/\/api.w.org\/{rel}","templated":true}]}}