{"id":8988,"date":"2023-01-18T18:14:51","date_gmt":"2023-01-18T16:14:51","guid":{"rendered":"https:\/\/dev.zezz.ee\/garden\/toode\/paeonia-itoh-julia-rose\/"},"modified":"2026-03-05T11:02:36","modified_gmt":"2026-03-05T09:02:36","slug":"paeonia-itoh-julia-rose","status":"publish","type":"product","link":"https:\/\/dev.garden.ee\/en\/product\/paeonia-itoh-julia-rose\/","title":{"rendered":"Paeonia itoh &#8216;Julia Rose&#8217;"},"content":{"rendered":"<input class=\"fooboxshare_post_id\" type=\"hidden\" value=\"8988\"\/>","protected":false},"excerpt":{"rendered":"<p>See Itoh h\u00fcbriid on v\u00e4ga veetlev pojeng. Liht- kuni poolt\u00e4idis\u00f5ied muudavad m\u00f5nusalt v\u00e4rvi, kirsipunastest pungadest saavad oran\u017eikad, aprikoosikarva \u00f5ied, mille \u00e4\u00e4rtes v\u00f5ib leida kerget purpurjat jumet. Vanemad \u00f5ied pleegivad kollakaks. Seega \u00f5ites p\u00f5\u00f5sas pakub toreda v\u00e4rvidem\u00e4ngu, lisaks sellele ka v\u00fcrtsikat aroomi. 10-15 cm suurused \u00f5ied katavad p\u00f5\u00f5sa rikkalikult ega vaja toestamist.\u00a0Lopsakas roheline lehestik. \u00d5itseb paar n\u00e4dalat, meelitab aeda liblikaid, kuid ei ole meelep\u00e4rane ei kitsedele ega j\u00e4nestele. Hea ka vaasi l\u00f5igata.<\/p>\n<p>P\u00fc\u00fca taim kohe \u00f5igesse kohta istutada, sest neile ei meeldi \u00fcmberistutamine.<\/p>\n<p>Itoh-h\u00fcbriidid on saadud puis- ning rohtsete pojengide ristamisel. Tegemist on pigem uue aretussuunaga, milles esimesed edukad sammud tehti alles 1948. aastal. H\u00fcbriidide nimetus tuleneb Jaapani h\u00fcbriidiaretaja hr Toichi Itohi j\u00e4rgi, kes l\u00f5i esimese sellelaadse ristandi. Saadud h\u00fcbriidvorm on tunduvalt vastupidavam erinevatele haigustele ning m\u00e4rgatavalt pikema \u00f5itsemisperioodiga, mille tingib v\u00f5ime luua lisapungi. Taimede madalam ning kompaktsem vorm koos tugevate vartega aitab kanda lausa kuni 30 \u00f5it. Kui v\u00f5imaldada taimele sobivad kasvutingimused, siis on tegemist v\u00e4ga lihtsasti kasvatava taimega. Istutamisel tuleks aga j\u00e4lgida, et taim saaks \u00f5igele k\u00f5rgusele istutatud mitte liiga s\u00fcgavale. Liiga s\u00fcgavale istustatud sordid ei pruugi \u00f5itseda.<\/p>","protected":false},"featured_media":8989,"template":"","meta":[],"product_brand":[],"product_cat":[4415,4414,4413,6934,4401,22],"product_tag":[],"class_list":{"0":"post-8988","1":"product","2":"type-product","3":"status-publish","4":"has-post-thumbnail","6":"product_cat-lilleaed","7":"product_cat-lohnaaed","8":"product_cat-loikelilleaed","9":"product_cat-mesilassobralik-aed","10":"product_cat-pusikud","11":"product_cat-taimed","12":"pa_haiguskindlus-vaga-hea","13":"pa_moodud-k-60-90-cm-l-90-120-cm","14":"pa_oie-varv-mitmevarviline","15":"pa_oitsemise-aeg-mai-juuni","16":"pa_talvekindlus-vaga-hea","17":"pa_tsoon-z-4-9","18":"pa_variatsioon-suurem-pott","19":"pa_variatsioon-vaiksem-pott","21":"first","22":"outofstock","23":"purchasable","24":"product-type-variable"},"acf":[],"_links":{"self":[{"href":"https:\/\/dev.garden.ee\/en\/wp-json\/wp\/v2\/product\/8988","targetHints":{"allow":["GET"]}}],"collection":[{"href":"https:\/\/dev.garden.ee\/en\/wp-json\/wp\/v2\/product"}],"about":[{"href":"https:\/\/dev.garden.ee\/en\/wp-json\/wp\/v2\/types\/product"}],"wp:featuredmedia":[{"embeddable":true,"href":"https:\/\/dev.garden.ee\/en\/wp-json\/wp\/v2\/media\/8989"}],"wp:attachment":[{"href":"https:\/\/dev.garden.ee\/en\/wp-json\/wp\/v2\/media?parent=8988"}],"wp:term":[{"taxonomy":"product_brand","embeddable":true,"href":"https:\/\/dev.garden.ee\/en\/wp-json\/wp\/v2\/product_brand?post=8988"},{"taxonomy":"product_cat","embeddable":true,"href":"https:\/\/dev.garden.ee\/en\/wp-json\/wp\/v2\/product_cat?post=8988"},{"taxonomy":"product_tag","embeddable":true,"href":"https:\/\/dev.garden.ee\/en\/wp-json\/wp\/v2\/product_tag?post=8988"}],"curies":[{"name":"wp","href":"https:\/\/api.w.org\/{rel}","templated":true}]}}