{"id":8983,"date":"2023-01-18T18:14:43","date_gmt":"2023-01-18T16:14:43","guid":{"rendered":"https:\/\/dev.zezz.ee\/garden\/toode\/molinia-caerulea-moorhexe\/"},"modified":"2026-03-03T15:15:12","modified_gmt":"2026-03-03T13:15:12","slug":"molinia-caerulea-moorhexe","status":"publish","type":"product","link":"https:\/\/dev.garden.ee\/en\/product\/molinia-caerulea-moorhexe\/","title":{"rendered":"Molinia caerulea &#8216;Moorhexe&#8217;"},"content":{"rendered":"<input class=\"fooboxshare_post_id\" type=\"hidden\" value=\"8983\"\/>","protected":false},"excerpt":{"rendered":"<p>P\u00fcstise ja peene siluettiga k\u00f5rreline. Suvel roheline, lehed kitsad, pisut kaardus. Suve l\u00f5pupoole ilmuvad tumedad, purpurselt pruunid p\u00f6\u00f6rised. S\u00fcgisel v\u00e4rvub taim s\u00e4ravalt kuldseks. Sobib p\u00fcsikupeenrasse nii vahele kui ka taustaks, r\u00fchmiti koos karikakraliste, kurerehadega\u00a0ja\u00a0teiste k\u00f5rrelistega. Sobib ka soolotaimena madalamate p\u00fcsikute sekka. V\u00e4hen\u00f5udlik ning talvekindel.\u00a0L\u00f5ika varakevadel maani maha.<\/p>\n<div id=\"product_product_p_676\" class=\"tb_row1\">Kaaslastena sobivad nt\u00a0Rudbeckia fulgida &#8216;Goldsturm&#8217; ja\u00a0<a>Phlox paniculata &#8216;David&#8217;<\/a><em>.<\/em><\/div>","protected":false},"featured_media":8984,"template":"","meta":[],"product_brand":[],"product_cat":[4407,4400,4415,4401,22],"product_tag":[],"class_list":{"0":"post-8983","1":"product","2":"type-product","3":"status-publish","4":"has-post-thumbnail","6":"product_cat-aasad","7":"product_cat-korrelised","8":"product_cat-lilleaed","9":"product_cat-pusikud","10":"product_cat-taimed","11":"pa_haiguskindlus-hea","12":"pa_moodud-k-80-90-cm-l-30-cm","13":"pa_oie-varv-purpurne","14":"pa_oitsemise-aeg-august","15":"pa_talvekindlus-vaga-hea","16":"pa_tsoon-z-5-9","17":"pa_variatsioon-suurem-pott","18":"pa_variatsioon-vaiksem-pott","20":"first","21":"outofstock","22":"purchasable","23":"product-type-variable"},"acf":[],"_links":{"self":[{"href":"https:\/\/dev.garden.ee\/en\/wp-json\/wp\/v2\/product\/8983","targetHints":{"allow":["GET"]}}],"collection":[{"href":"https:\/\/dev.garden.ee\/en\/wp-json\/wp\/v2\/product"}],"about":[{"href":"https:\/\/dev.garden.ee\/en\/wp-json\/wp\/v2\/types\/product"}],"wp:featuredmedia":[{"embeddable":true,"href":"https:\/\/dev.garden.ee\/en\/wp-json\/wp\/v2\/media\/8984"}],"wp:attachment":[{"href":"https:\/\/dev.garden.ee\/en\/wp-json\/wp\/v2\/media?parent=8983"}],"wp:term":[{"taxonomy":"product_brand","embeddable":true,"href":"https:\/\/dev.garden.ee\/en\/wp-json\/wp\/v2\/product_brand?post=8983"},{"taxonomy":"product_cat","embeddable":true,"href":"https:\/\/dev.garden.ee\/en\/wp-json\/wp\/v2\/product_cat?post=8983"},{"taxonomy":"product_tag","embeddable":true,"href":"https:\/\/dev.garden.ee\/en\/wp-json\/wp\/v2\/product_tag?post=8983"}],"curies":[{"name":"wp","href":"https:\/\/api.w.org\/{rel}","templated":true}]}}