{"id":8973,"date":"2023-01-18T18:14:36","date_gmt":"2023-01-18T16:14:36","guid":{"rendered":"https:\/\/dev.zezz.ee\/garden\/toode\/papaver-orientale-royal-chocolate-distinction\/"},"modified":"2026-03-05T12:54:05","modified_gmt":"2026-03-05T10:54:05","slug":"papaver-orientale-royal-chocolate-distinction","status":"publish","type":"product","link":"https:\/\/dev.garden.ee\/en\/product\/papaver-orientale-royal-chocolate-distinction\/","title":{"rendered":"Papaver orientale &#8216;Royal Chocolate Distinction&#8217;"},"content":{"rendered":"<input class=\"fooboxshare_post_id\" type=\"hidden\" value=\"8973\"\/>","protected":false},"excerpt":{"rendered":"<p>Tumepunaste, kohati \u0161okolaadikarva punakaspruunide \u00f5rnade\u00a0kroonlehtedega moon. Suure\u00f5ieline, tolmukad meenutavad v\u00e4ikest karvast, musta palli. Tegemist on vastupandamatu, erilist v\u00e4rvi mooniga.\u00a0P\u00e4rast \u00f5itsemist tuleks aga lehestik maha l\u00f5igata. Parima koosluse saab, kui hajutada moon p\u00fcsikute segapeenrasse, kus oleks taimi, mis peale tema \u00f5itsemist v\u00f5taks \u00f5ieilu jagamise teatepulga endale. Muidu j\u00e4\u00e4b p\u00e4rast taime \u00f5itsemist ja pealsete mahal\u00f5ikamist peenrasse t\u00fchimik. Mooni kupardel ei tasuks lasta valmida, sest kui seemned valminud, teeb ta edukalt isek\u00fclvi, kuid uued taimed tulevad oran\u017eide \u00f5itega nagu tavalisel moonil. Seega kaotab niimoodi taim oma sordiomadused. Taime saab paljundada jagamise teel. Valige kasvamiseks talle hea kindel p\u00e4ikesek\u00fcllane paik peenras, kuna talle eriti ei meeldi \u00fcmberistutamine ega juurte l\u00f5hkumine.<\/p>\n<p>Kaaslasena sobib nt\u00a0<em>Monarda &#8216;Gardenview Scarlet&#8217;\u00a0<\/em><em>.<\/em><\/p>","protected":false},"featured_media":8974,"template":"","meta":[],"product_brand":[],"product_cat":[4407,4415,4401,22],"product_tag":[],"class_list":{"0":"post-8973","1":"product","2":"type-product","3":"status-publish","4":"has-post-thumbnail","6":"product_cat-aasad","7":"product_cat-lilleaed","8":"product_cat-pusikud","9":"product_cat-taimed","10":"pa_haiguskindlus-vaga-hea","11":"pa_moodud-k-80-90-cm-l-45-60-cm","12":"pa_oie-varv-punane","13":"pa_oitsemise-aeg-juuni-juuli","14":"pa_talvekindlus-vaga-hea","15":"pa_tsoon-z-3-9","16":"pa_variatsioon-suurem-pott","17":"pa_variatsioon-vaiksem-pott","19":"first","20":"outofstock","21":"purchasable","22":"product-type-variable"},"acf":[],"_links":{"self":[{"href":"https:\/\/dev.garden.ee\/en\/wp-json\/wp\/v2\/product\/8973","targetHints":{"allow":["GET"]}}],"collection":[{"href":"https:\/\/dev.garden.ee\/en\/wp-json\/wp\/v2\/product"}],"about":[{"href":"https:\/\/dev.garden.ee\/en\/wp-json\/wp\/v2\/types\/product"}],"wp:featuredmedia":[{"embeddable":true,"href":"https:\/\/dev.garden.ee\/en\/wp-json\/wp\/v2\/media\/8974"}],"wp:attachment":[{"href":"https:\/\/dev.garden.ee\/en\/wp-json\/wp\/v2\/media?parent=8973"}],"wp:term":[{"taxonomy":"product_brand","embeddable":true,"href":"https:\/\/dev.garden.ee\/en\/wp-json\/wp\/v2\/product_brand?post=8973"},{"taxonomy":"product_cat","embeddable":true,"href":"https:\/\/dev.garden.ee\/en\/wp-json\/wp\/v2\/product_cat?post=8973"},{"taxonomy":"product_tag","embeddable":true,"href":"https:\/\/dev.garden.ee\/en\/wp-json\/wp\/v2\/product_tag?post=8973"}],"curies":[{"name":"wp","href":"https:\/\/api.w.org\/{rel}","templated":true}]}}