{"id":8934,"date":"2023-01-18T18:14:14","date_gmt":"2023-01-18T16:14:14","guid":{"rendered":"https:\/\/dev.zezz.ee\/garden\/toode\/armeria-pseudarmeria-ballerina-red\/"},"modified":"2026-02-16T23:15:32","modified_gmt":"2026-02-16T21:15:32","slug":"armeria-pseudarmeria-ballerina-red","status":"publish","type":"product","link":"https:\/\/dev.garden.ee\/en\/product\/armeria-pseudarmeria-ballerina-red\/","title":{"rendered":"Armeria pseudarmeria &#8216;Ballerina Red&#8217;"},"content":{"rendered":"<input class=\"fooboxshare_post_id\" type=\"hidden\" value=\"8934\"\/>","protected":false},"excerpt":{"rendered":"<p>Kena peenra \u00e4\u00e4ristajana v\u00f5i kiviktaimlasse. Merikann moodustab pehme armsa murum\u00e4tta, mille kohale ilmuvad pikema, p\u00fcstise varre otsa lillad v\u00e4ikesed pallikesed. M\u00f5jub efektselt suurema r\u00fchmana. P\u00e4rast \u00f5itsemist tuleks kuivanud \u00f5ied \u00e4ra l\u00f5igata, siis \u00f5itseb teistkordselt. Talub temperatuuri kuni -30 \u00b0C ja j\u00e4\u00e4b roheliseks \u00fcle talve.<\/p>","protected":false},"featured_media":8935,"template":"","meta":[],"product_brand":[],"product_cat":[4415,6934,9200,4401,22],"product_tag":[],"class_list":{"0":"post-8934","1":"product","2":"type-product","3":"status-publish","4":"has-post-thumbnail","6":"product_cat-lilleaed","7":"product_cat-mesilassobralik-aed","8":"product_cat-pinnakatjad","9":"product_cat-pusikud","10":"product_cat-taimed","11":"pa_haiguskindlus-vaga-hea","12":"pa_kasvukorgus-25-30-cm-2","13":"pa_laius-20-25-cm","14":"pa_oie-varv-punane","15":"pa_oitsemise-aeg-juuni-juuli","16":"pa_talvekindlus-vaga-hea","17":"pa_tingimused-hea-drenaaz","18":"pa_tingimused-vaheviljakas","19":"pa_tsoon-2-9","20":"pa_valguse-tingimused-paike","21":"pa_variatsioon-suurem-pott","22":"pa_variatsioon-vaiksem-pott","24":"first","25":"instock","26":"purchasable","27":"product-type-variable"},"acf":[],"_links":{"self":[{"href":"https:\/\/dev.garden.ee\/en\/wp-json\/wp\/v2\/product\/8934","targetHints":{"allow":["GET"]}}],"collection":[{"href":"https:\/\/dev.garden.ee\/en\/wp-json\/wp\/v2\/product"}],"about":[{"href":"https:\/\/dev.garden.ee\/en\/wp-json\/wp\/v2\/types\/product"}],"wp:featuredmedia":[{"embeddable":true,"href":"https:\/\/dev.garden.ee\/en\/wp-json\/wp\/v2\/media\/8935"}],"wp:attachment":[{"href":"https:\/\/dev.garden.ee\/en\/wp-json\/wp\/v2\/media?parent=8934"}],"wp:term":[{"taxonomy":"product_brand","embeddable":true,"href":"https:\/\/dev.garden.ee\/en\/wp-json\/wp\/v2\/product_brand?post=8934"},{"taxonomy":"product_cat","embeddable":true,"href":"https:\/\/dev.garden.ee\/en\/wp-json\/wp\/v2\/product_cat?post=8934"},{"taxonomy":"product_tag","embeddable":true,"href":"https:\/\/dev.garden.ee\/en\/wp-json\/wp\/v2\/product_tag?post=8934"}],"curies":[{"name":"wp","href":"https:\/\/api.w.org\/{rel}","templated":true}]}}