{"id":8884,"date":"2023-01-18T18:13:43","date_gmt":"2023-01-18T16:13:43","guid":{"rendered":"https:\/\/dev.zezz.ee\/garden\/toode\/aronia-prunifolia-viking\/"},"modified":"2023-03-29T15:07:40","modified_gmt":"2023-03-29T12:07:40","slug":"aronia-prunifolia-viking","status":"publish","type":"product","link":"https:\/\/dev.garden.ee\/en\/product\/aronia-prunifolia-viking\/","title":{"rendered":"Aronia prunifolia &#8216;Viking&#8217;"},"content":{"rendered":"<input class=\"fooboxshare_post_id\" type=\"hidden\" value=\"8884\"\/>","protected":false},"excerpt":{"rendered":"<p>Kevadel \u00f5itseb kaunite valgete \u00f5iekobaratega, mille asemel s\u00fcgisel kasvavad ilusad lillakasmustad marjad,mis t\u00f6\u00f6tlemarta on k\u00fcll hapukas-m\u00f5rkjad, kuid moosi, marmelaadi v\u00f5i mahlana maitsevad imeh\u00e4sti. Marjades on umbes 3 korda rohkem antioks\u00fcdante, kui mustikates, lisaks on need maiuspalaks paljudele\u00a0 lindudele. Tumerohelised lehed muutuvad s\u00fcgisel lillakaspunaseks. Eelistab niiskeid alasid nagu sood, rabad, tiigikaldad, kuid kasvab edukalt ka kuivades k\u00f5rgustikes. Talub h\u00e4sti p\u00fcgamist, n\u00f5uab v\u00e4he hooldust.<\/p>","protected":false},"featured_media":8885,"template":"","meta":[],"product_brand":[],"product_cat":[4403,4395,4406,4396,4410,4408,4394,22],"product_tag":[],"class_list":{"0":"post-8884","1":"product","2":"type-product","3":"status-publish","4":"has-post-thumbnail","6":"product_cat-kodu","7":"product_cat-hekid","8":"product_cat-park","9":"product_cat-puud-ja-poosad","10":"product_cat-tarbeaed","11":"product_cat-vaike-aed","12":"product_cat-viljad-ja-marjad","13":"product_cat-taimed","14":"pa_haiguskindlus-vaga-hea","15":"pa_moodud-k-2-3-m-l-1-15-m","16":"pa_oie-varv-valge","17":"pa_oitsemise-aeg-juuni","18":"pa_talvekindlus-vaga-hea","19":"pa_tsoon-z-3-8","20":"pa_variatsioon-poosas-h-100-125-cm","21":"pa_variatsioon-poosas-h-40-60-cm","22":"pa_variatsioon-poosas-h-60-80-cm","23":"pa_vili-c-vitamiinirikas","24":"pa_vili-morkjas","25":"pa_vili-tervislik","26":"pa_vili-antioksudantide-rikas","27":"pa_vilja-varvus-mustjas","29":"first","30":"instock","31":"taxable","32":"shipping-taxable","33":"purchasable","34":"product-type-variable"},"acf":[],"_links":{"self":[{"href":"https:\/\/dev.garden.ee\/en\/wp-json\/wp\/v2\/product\/8884","targetHints":{"allow":["GET"]}}],"collection":[{"href":"https:\/\/dev.garden.ee\/en\/wp-json\/wp\/v2\/product"}],"about":[{"href":"https:\/\/dev.garden.ee\/en\/wp-json\/wp\/v2\/types\/product"}],"wp:featuredmedia":[{"embeddable":true,"href":"https:\/\/dev.garden.ee\/en\/wp-json\/wp\/v2\/media\/8885"}],"wp:attachment":[{"href":"https:\/\/dev.garden.ee\/en\/wp-json\/wp\/v2\/media?parent=8884"}],"wp:term":[{"taxonomy":"product_brand","embeddable":true,"href":"https:\/\/dev.garden.ee\/en\/wp-json\/wp\/v2\/product_brand?post=8884"},{"taxonomy":"product_cat","embeddable":true,"href":"https:\/\/dev.garden.ee\/en\/wp-json\/wp\/v2\/product_cat?post=8884"},{"taxonomy":"product_tag","embeddable":true,"href":"https:\/\/dev.garden.ee\/en\/wp-json\/wp\/v2\/product_tag?post=8884"}],"curies":[{"name":"wp","href":"https:\/\/api.w.org\/{rel}","templated":true}]}}