{"id":8845,"date":"2023-01-18T18:13:21","date_gmt":"2023-01-18T16:13:21","guid":{"rendered":"https:\/\/dev.zezz.ee\/garden\/toode\/paeonia-itoh-yellow-crown\/"},"modified":"2026-03-05T10:23:57","modified_gmt":"2026-03-05T08:23:57","slug":"paeonia-itoh-yellow-crown","status":"publish","type":"product","link":"https:\/\/dev.garden.ee\/en\/product\/paeonia-itoh-yellow-crown\/","title":{"rendered":"Paeonia Itoh &#8216;Yellow Crown&#8217;"},"content":{"rendered":"<input class=\"fooboxshare_post_id\" type=\"hidden\" value=\"8845\"\/>","protected":false},"excerpt":{"rendered":"<p>V\u00e4helevinud, hinnaline ja haruldane, on see h\u00fcbriidsort \u00e4\u00e4rmiselt t\u00e4nuv\u00e4\u00e4rne enda kauap\u00fcsivate \u00f5ite t\u00f5ttu. Tegemist on \u00fche pikemalt \u00f5itseva pojengiga v\u00f5rreldes teistega. Keskmine \u00f5itsemisaeg (mitte varane ega hiline). Kuldsetel pooltopelt\u00f5itel on k\u00e4hardunud asetusega kroonlehed, mis annab neile eriti silmatorkava kauni vormi. S\u00fcdamik punakas. Madalama kasvuga p\u00f5\u00f5sas, mille lehestik v\u00e4rvub s\u00fcgiseti punakakas, pronksjad on samuti tema kevadised v\u00e4rsked kasvud. Seega, v\u00e4ga dekoratiivne taim isegi siis kui ta parasjagu \u00f5ites ei ole. Sobib igasugusesse v\u00e4hegi viljakasse ja hea drenaa\u017eiga mulda.<\/p>\n<p>Itoh-h\u00fcbriidid on saadud puis- ning rohtsete pojengide ristamisel. Tegemist on pigem uue aretussuunaga, milles esimesed edukad sammud tehti alles 1948. aastal. H\u00fcbriidide nimetus tuleneb Jaapani h\u00fcbriidiaretaja hr Toichi Itohi j\u00e4rgi, kes l\u00f5i esimese sellelaadse ristandi. Saadud h\u00fcbriidvorm on tunduvalt vastupidavam erinevatele haigustele ning m\u00e4rgatavalt pikema \u00f5itsemisperioodiga, mille tingib v\u00f5ime luua lisapungi. Taimede madalam ning kompaktsem vorm koos tugevate vartega aitab kanda lausa kuni 30 \u00f5it. Kui v\u00f5imaldada taimele sobivad kasvutingimused, siis on tegemist v\u00e4ga lihtsasti kasvatava taimega. Istutamisel tuleks aga j\u00e4lgida, et taim saaks \u00f5igele k\u00f5rgusele istutatud mitte liiga s\u00fcgavale. Liiga s\u00fcgavale istustatud sordid ei pruugi \u00f5itseda.<\/p>","protected":false},"featured_media":8846,"template":"","meta":[],"product_brand":[],"product_cat":[4415,4414,4413,4401,22],"product_tag":[],"class_list":{"0":"post-8845","1":"product","2":"type-product","3":"status-publish","4":"has-post-thumbnail","6":"product_cat-lilleaed","7":"product_cat-lohnaaed","8":"product_cat-loikelilleaed","9":"product_cat-pusikud","10":"product_cat-taimed","11":"pa_haiguskindlus-vaga-hea","12":"pa_lohn-lohnav","13":"pa_moodud-k-60-70-cm-l-60-70-cm","14":"pa_oie-varv-kollane","15":"pa_oitsemise-aeg-juuni","16":"pa_talvekindlus-vaga-hea","17":"pa_tsoon-z-3-8","18":"pa_variatsioon-suurem-pott","20":"first","21":"outofstock","22":"purchasable","23":"product-type-variable"},"acf":[],"_links":{"self":[{"href":"https:\/\/dev.garden.ee\/en\/wp-json\/wp\/v2\/product\/8845","targetHints":{"allow":["GET"]}}],"collection":[{"href":"https:\/\/dev.garden.ee\/en\/wp-json\/wp\/v2\/product"}],"about":[{"href":"https:\/\/dev.garden.ee\/en\/wp-json\/wp\/v2\/types\/product"}],"wp:featuredmedia":[{"embeddable":true,"href":"https:\/\/dev.garden.ee\/en\/wp-json\/wp\/v2\/media\/8846"}],"wp:attachment":[{"href":"https:\/\/dev.garden.ee\/en\/wp-json\/wp\/v2\/media?parent=8845"}],"wp:term":[{"taxonomy":"product_brand","embeddable":true,"href":"https:\/\/dev.garden.ee\/en\/wp-json\/wp\/v2\/product_brand?post=8845"},{"taxonomy":"product_cat","embeddable":true,"href":"https:\/\/dev.garden.ee\/en\/wp-json\/wp\/v2\/product_cat?post=8845"},{"taxonomy":"product_tag","embeddable":true,"href":"https:\/\/dev.garden.ee\/en\/wp-json\/wp\/v2\/product_tag?post=8845"}],"curies":[{"name":"wp","href":"https:\/\/api.w.org\/{rel}","templated":true}]}}