{"id":8828,"date":"2023-01-18T18:13:13","date_gmt":"2023-01-18T16:13:13","guid":{"rendered":"https:\/\/dev.zezz.ee\/garden\/toode\/molinia-arundinacea-skyracer\/"},"modified":"2026-03-03T12:42:06","modified_gmt":"2026-03-03T10:42:06","slug":"molinia-arundinacea-skyracer","status":"publish","type":"product","link":"https:\/\/dev.garden.ee\/en\/product\/molinia-arundinacea-skyracer\/","title":{"rendered":"Molinia arundinacea &#8216;Skyracer&#8217;"},"content":{"rendered":"<input class=\"fooboxshare_post_id\" type=\"hidden\" value=\"8828\"\/>","protected":false},"excerpt":{"rendered":"<p>Sordi nimetuski viitab, et siinse sinihelmika n\u00e4ol on tegemist k\u00f5rge ja p\u00fcstise taimega. Kuna eelistab jahedamaid suvesid, siis meie tingimustes saavutab kergesti eluj\u00f5ulise kasvu ning kauni vormi. S\u00fcgisv\u00e4rv kaunilt pronksjas. L\u00f5ika kevadel tagasi.\u00a0Kasvab h\u00e4sti t\u00e4isp\u00e4ikeses, samas talub ka osalist varju. Pinnase puhul eelistab keskmise viljakusega h\u00e4sti vett l\u00e4bilaskvat l\u00f5imist. K\u00f5ige eelistatum oleks happeline ja m\u00f5neti niiskem muld.<\/p>","protected":false},"featured_media":8829,"template":"","meta":[],"product_brand":[],"product_cat":[4407,4400,4415,4401,22],"product_tag":[],"class_list":{"0":"post-8828","1":"product","2":"type-product","3":"status-publish","4":"has-post-thumbnail","6":"product_cat-aasad","7":"product_cat-korrelised","8":"product_cat-lilleaed","9":"product_cat-pusikud","10":"product_cat-taimed","11":"pa_haiguskindlus-vaga-hea","12":"pa_moodud-k-90-200-cm-l-60-cm","13":"pa_oie-varv-purpurne","14":"pa_oitsemise-aeg-juuni-august","15":"pa_talvekindlus-vaga-hea","16":"pa_tsoon-5-8","17":"pa_variatsioon-suurem-pott","18":"pa_variatsioon-vaiksem-pott","20":"first","21":"outofstock","22":"purchasable","23":"product-type-variable"},"acf":[],"_links":{"self":[{"href":"https:\/\/dev.garden.ee\/en\/wp-json\/wp\/v2\/product\/8828","targetHints":{"allow":["GET"]}}],"collection":[{"href":"https:\/\/dev.garden.ee\/en\/wp-json\/wp\/v2\/product"}],"about":[{"href":"https:\/\/dev.garden.ee\/en\/wp-json\/wp\/v2\/types\/product"}],"wp:featuredmedia":[{"embeddable":true,"href":"https:\/\/dev.garden.ee\/en\/wp-json\/wp\/v2\/media\/8829"}],"wp:attachment":[{"href":"https:\/\/dev.garden.ee\/en\/wp-json\/wp\/v2\/media?parent=8828"}],"wp:term":[{"taxonomy":"product_brand","embeddable":true,"href":"https:\/\/dev.garden.ee\/en\/wp-json\/wp\/v2\/product_brand?post=8828"},{"taxonomy":"product_cat","embeddable":true,"href":"https:\/\/dev.garden.ee\/en\/wp-json\/wp\/v2\/product_cat?post=8828"},{"taxonomy":"product_tag","embeddable":true,"href":"https:\/\/dev.garden.ee\/en\/wp-json\/wp\/v2\/product_tag?post=8828"}],"curies":[{"name":"wp","href":"https:\/\/api.w.org\/{rel}","templated":true}]}}