{"id":8748,"date":"2023-01-18T18:12:26","date_gmt":"2023-01-18T16:12:26","guid":{"rendered":"https:\/\/dev.zezz.ee\/garden\/toode\/geranium-hybrida-azure-rush\/"},"modified":"2026-02-24T12:24:48","modified_gmt":"2026-02-24T10:24:48","slug":"geranium-azure-rush","status":"publish","type":"product","link":"https:\/\/dev.garden.ee\/en\/product\/geranium-azure-rush\/","title":{"rendered":"Geranium &#8216;Azure Rush&#8217;"},"content":{"rendered":"<input class=\"fooboxshare_post_id\" type=\"hidden\" value=\"8748\"\/>","protected":false},"excerpt":{"rendered":"<p>V\u00e4hen\u00f5udlik ja kaua\u00f5itsev, see kurereha sobib suurep\u00e4raselt igasse aeda. Maadligi hoidev ja laialt harunev, loob taim soodsates tingimustes rikkaliku lillevaiba, mis v\u00f5ib p\u00fcsida lausa esimeste k\u00fclmade tulekuni. Eelistab parasniisket ja viljakat pinnast, kuid saab hakkama ka v\u00e4hemaga. \u00d5iterohkus tuleb k\u00f5ige k\u00fclluslikumalt esile p\u00e4ikeselises kasvukohas, kuid saab edukalt hakkama ka poolvarjus. Leviku takistamiseks v\u00f5ib taime k\u00fcljev\u00f5susid k\u00e4rpida.<\/p>","protected":false},"featured_media":23840,"template":"","meta":[],"product_brand":[],"product_cat":[4415,9200,4401,22],"product_tag":[],"class_list":{"0":"post-8748","1":"product","2":"type-product","3":"status-publish","4":"has-post-thumbnail","6":"product_cat-lilleaed","7":"product_cat-pinnakatjad","8":"product_cat-pusikud","9":"product_cat-taimed","10":"pa_haiguskindlus-vaga-hea","11":"pa_moodud-k-30-45-cm-l-60-75-cm","12":"pa_oie-varv-sinine","13":"pa_oitsemise-aeg-juuni-september","14":"pa_talvekindlus-vaga-hea","15":"pa_tsoon-5-8","16":"pa_variatsioon-suurem-pott","17":"pa_variatsioon-vaiksem-pott","19":"first","20":"instock","21":"purchasable","22":"product-type-variable"},"acf":[],"_links":{"self":[{"href":"https:\/\/dev.garden.ee\/en\/wp-json\/wp\/v2\/product\/8748","targetHints":{"allow":["GET"]}}],"collection":[{"href":"https:\/\/dev.garden.ee\/en\/wp-json\/wp\/v2\/product"}],"about":[{"href":"https:\/\/dev.garden.ee\/en\/wp-json\/wp\/v2\/types\/product"}],"wp:featuredmedia":[{"embeddable":true,"href":"https:\/\/dev.garden.ee\/en\/wp-json\/wp\/v2\/media\/23840"}],"wp:attachment":[{"href":"https:\/\/dev.garden.ee\/en\/wp-json\/wp\/v2\/media?parent=8748"}],"wp:term":[{"taxonomy":"product_brand","embeddable":true,"href":"https:\/\/dev.garden.ee\/en\/wp-json\/wp\/v2\/product_brand?post=8748"},{"taxonomy":"product_cat","embeddable":true,"href":"https:\/\/dev.garden.ee\/en\/wp-json\/wp\/v2\/product_cat?post=8748"},{"taxonomy":"product_tag","embeddable":true,"href":"https:\/\/dev.garden.ee\/en\/wp-json\/wp\/v2\/product_tag?post=8748"}],"curies":[{"name":"wp","href":"https:\/\/api.w.org\/{rel}","templated":true}]}}