{"id":871,"date":"2023-01-18T16:58:13","date_gmt":"2023-01-18T14:58:13","guid":{"rendered":"https:\/\/dev.zezz.ee\/garden\/toode\/lady-like\/"},"modified":"2026-02-10T12:13:10","modified_gmt":"2026-02-10T10:13:10","slug":"lady-like","status":"publish","type":"product","link":"https:\/\/dev.garden.ee\/en\/product\/lady-like\/","title":{"rendered":"Lady Like\u00ae"},"content":{"rendered":"<input class=\"fooboxshare_post_id\" type=\"hidden\" value=\"871\"\/>","protected":false},"excerpt":{"rendered":"<p>V\u00e4ga aromaatne, j\u00f5uline ning haigustele ja k\u00fclmale vastupidav roos omab suuri (9-12 cm) tumeroosasid \u00f5isi. Suurep\u00e4rase harunemise ja suurte lehtedega p\u00f5\u00f5sas.<\/p>\n<p>Roosi v\u00f5ib istutada nii soolotaimena kui v\u00e4ikeste gruppidena. Sobib kasutamiseks segaroosipeenardes, v\u00e4ikestes r\u00fchmades, l\u00f5hnaaedades, k\u00f5rge tihedusega roosipeenardes, l\u00f5ikelilledena. Elegantsed \u00f5ied p\u00fcsivad vaasis v\u00e4ga pikalt.<\/p>\n<p>Arvukates katseaedades robustselt vastupidavaks tunnistatud.<\/p>","protected":false},"featured_media":872,"template":"","meta":[],"product_brand":[],"product_cat":[4415,4414,4413,4416,4402,22],"product_tag":[9417],"class_list":{"0":"post-871","1":"product","2":"type-product","3":"status-publish","4":"has-post-thumbnail","6":"product_cat-lilleaed","7":"product_cat-lohnaaed","8":"product_cat-loikelilleaed","9":"product_cat-roosiaed","10":"product_cat-roosid","11":"product_cat-taimed","12":"product_tag-soodushind-50","13":"pa_aretus-rosen-tantau","14":"pa_avalikustamisaasta-saksamaa-1989","15":"pa_haiguskindlus-vaga-hea","16":"pa_kasvukorgus-120-150-cm","17":"pa_laius-40-50-cm","18":"pa_lisainfo-sobib-lohnaaeda","19":"pa_lisainfo-sobib-loikelilleks","20":"pa_lohn-tugev","21":"pa_lohn-intensiivne","22":"pa_oie-suurus-suur","23":"pa_oie-varv-roosa","24":"pa_oie-varv-roosakas","25":"pa_oietuup-taidisois","26":"pa_oitsemine-korduvalt-oitsev","27":"pa_sort-teehubriidroos","28":"pa_taimede-arvestus-ruutmeetri-5-6","29":"pa_talvekindlus-vaga-hea","30":"pa_variatsioon-potis-2l-kevadel","31":"pa_variatsioon-potis-4-6l","33":"first","34":"outofstock","35":"sale","36":"purchasable","37":"product-type-variable"},"acf":[],"_links":{"self":[{"href":"https:\/\/dev.garden.ee\/en\/wp-json\/wp\/v2\/product\/871","targetHints":{"allow":["GET"]}}],"collection":[{"href":"https:\/\/dev.garden.ee\/en\/wp-json\/wp\/v2\/product"}],"about":[{"href":"https:\/\/dev.garden.ee\/en\/wp-json\/wp\/v2\/types\/product"}],"wp:featuredmedia":[{"embeddable":true,"href":"https:\/\/dev.garden.ee\/en\/wp-json\/wp\/v2\/media\/872"}],"wp:attachment":[{"href":"https:\/\/dev.garden.ee\/en\/wp-json\/wp\/v2\/media?parent=871"}],"wp:term":[{"taxonomy":"product_brand","embeddable":true,"href":"https:\/\/dev.garden.ee\/en\/wp-json\/wp\/v2\/product_brand?post=871"},{"taxonomy":"product_cat","embeddable":true,"href":"https:\/\/dev.garden.ee\/en\/wp-json\/wp\/v2\/product_cat?post=871"},{"taxonomy":"product_tag","embeddable":true,"href":"https:\/\/dev.garden.ee\/en\/wp-json\/wp\/v2\/product_tag?post=871"}],"curies":[{"name":"wp","href":"https:\/\/api.w.org\/{rel}","templated":true}]}}