{"id":8708,"date":"2023-01-18T18:12:04","date_gmt":"2023-01-18T16:12:04","guid":{"rendered":"https:\/\/dev.zezz.ee\/garden\/toode\/euphorbia-cyparissias-fens-ruby\/"},"modified":"2026-02-24T00:10:57","modified_gmt":"2026-02-23T22:10:57","slug":"euphorbia-cyparissias-fens-ruby","status":"publish","type":"product","link":"https:\/\/dev.garden.ee\/en\/product\/euphorbia-cyparissias-fens-ruby\/","title":{"rendered":"Euphorbia cyparissias &#8216;Fen&#8217;s Ruby&#8217;"},"content":{"rendered":"<input class=\"fooboxshare_post_id\" type=\"hidden\" value=\"8708\"\/>","protected":false},"excerpt":{"rendered":"<p>V\u00f5rdlemisi madalakasvuline ja v\u00e4hen\u00f5udlik, on see piimalill ideaalseks \u00e4\u00e4ristajaks p\u00e4ikeselistele teeservadele, kiviktaimlasse v\u00f5i muudele kruusastele &#8211; peamine, et hea drenaa\u017eiga &#8211; taimealadele. Sordi p\u00fcstised purpurja tooniga v\u00f5rsed koos sinakas-roheliste lineaarsete lehtedega moodustavad huvitavaid okaspuusarnasied kolooniaid. Suve keskpaigani lisan\u00fcanssi pakkuvad laimirohelised v\u00f5i kergelt kollakad \u00f5ied muudavad taime t\u00f5eliseks pilgup\u00fc\u00fcdjaks. Taime piimmahl on m\u00fcrgine.<\/p>","protected":false},"featured_media":23746,"template":"","meta":[],"product_brand":[],"product_cat":[9503,4415,4406,4401,22],"product_tag":[],"class_list":{"0":"post-8708","1":"product","2":"type-product","3":"status-publish","4":"has-post-thumbnail","6":"product_cat-kiviktaimla","7":"product_cat-lilleaed","8":"product_cat-park","9":"product_cat-pusikud","10":"product_cat-taimed","11":"pa_haiguskindlus-vaga-hea","12":"pa_kasvukorgus-30-60-cm","13":"pa_laius-40-50-cm","14":"pa_lehestikuvarv-sinakasroheline","15":"pa_lisainfo-murgine","16":"pa_lisainfo-pilgupuudja","17":"pa_oie-varv-kollakas","18":"pa_oie-varv-laimiroheline","19":"pa_oie-varv-roheline","20":"pa_oitsemise-aeg-juuni-juuli","21":"pa_talvekindlus-keskmine","22":"pa_tingimused-hea-drenaaz","23":"pa_tingimused-kuiv","24":"pa_tingimused-parasniiske","25":"pa_tsoon-4-8","26":"pa_valguse-tingimused-paike","27":"pa_variatsioon-suurem-pott","28":"pa_variatsioon-vaiksem-pott","30":"first","31":"instock","32":"purchasable","33":"product-type-variable"},"acf":[],"_links":{"self":[{"href":"https:\/\/dev.garden.ee\/en\/wp-json\/wp\/v2\/product\/8708","targetHints":{"allow":["GET"]}}],"collection":[{"href":"https:\/\/dev.garden.ee\/en\/wp-json\/wp\/v2\/product"}],"about":[{"href":"https:\/\/dev.garden.ee\/en\/wp-json\/wp\/v2\/types\/product"}],"wp:featuredmedia":[{"embeddable":true,"href":"https:\/\/dev.garden.ee\/en\/wp-json\/wp\/v2\/media\/23746"}],"wp:attachment":[{"href":"https:\/\/dev.garden.ee\/en\/wp-json\/wp\/v2\/media?parent=8708"}],"wp:term":[{"taxonomy":"product_brand","embeddable":true,"href":"https:\/\/dev.garden.ee\/en\/wp-json\/wp\/v2\/product_brand?post=8708"},{"taxonomy":"product_cat","embeddable":true,"href":"https:\/\/dev.garden.ee\/en\/wp-json\/wp\/v2\/product_cat?post=8708"},{"taxonomy":"product_tag","embeddable":true,"href":"https:\/\/dev.garden.ee\/en\/wp-json\/wp\/v2\/product_tag?post=8708"}],"curies":[{"name":"wp","href":"https:\/\/api.w.org\/{rel}","templated":true}]}}