{"id":8698,"date":"2023-01-18T18:11:57","date_gmt":"2023-01-18T16:11:57","guid":{"rendered":"https:\/\/dev.zezz.ee\/garden\/toode\/hotline-50\/"},"modified":"2026-02-04T17:20:57","modified_gmt":"2026-02-04T15:20:57","slug":"hotline","status":"publish","type":"product","link":"https:\/\/dev.garden.ee\/en\/product\/hotline\/","title":{"rendered":"Hotline"},"content":{"rendered":"<input class=\"fooboxshare_post_id\" type=\"hidden\" value=\"8698\"\/>","protected":false},"excerpt":{"rendered":"<p>Kompaktse kasvuga, terve ja suhteliselt hooldusvaba v\u00e4ikep\u00f5\u00f5sas intensiivsete roosade vihmakindlate \u00f5itega, mis kasvavad kobaratena. V\u00e4ga hea haiguskindlusega, vanaaegse \u0161armiga p\u00f5\u00f5sasroos. Sort on \u00f5itsedes \u00fclek\u00fclvatud imearmsate \u00f5iekestega (4 cm). Hea p\u00f5uataluvusega, rikkalik ja pikaajaline \u00f5itseja.<\/p>\n<p data-start=\"0\" data-end=\"147\">Sobib kasutamiseks\u00a0r\u00f5dukastides, kalmistutel, poolvarjulistel kasvukohtadel, rippuvates paigutustes ja vallidel, hekina, massiistutustes, eraaedades ja haljasaladel.<\/p>\n<p data-start=\"0\" data-end=\"75\">Auhinnatud sort \u2013 mitmed auhinnad rahvusvahelistel roosikonkurssidel.<\/p>","protected":false},"featured_media":8699,"template":"","meta":[],"product_brand":[],"product_cat":[4395,9637,4415,9702,9550,4416,4402,22],"product_tag":[9418,9417],"class_list":{"0":"post-8698","1":"product","2":"type-product","3":"status-publish","4":"has-post-thumbnail","6":"product_cat-hekid","7":"product_cat-istutuskast","8":"product_cat-lilleaed","9":"product_cat-linnaaed","10":"product_cat-rodu-ja-terrass","11":"product_cat-roosiaed","12":"product_cat-roosid","13":"product_cat-taimed","14":"product_tag-adr-roos","15":"product_tag-soodushind-50","16":"pa_adr-jah","17":"pa_aretus-w-kordes-sohne","18":"pa_avalikustamisaasta-2388","19":"pa_haiguskindlus-vaga-hea","20":"pa_kasvukorgus-40-60-cm","21":"pa_kollektsioon-rigo-roses","22":"pa_laius-70-cm","23":"pa_lisainfo-dekoratiivsed-viljad","24":"pa_lisainfo-ideaalne-heki-loomiseks","25":"pa_lisainfo-ripptaim","26":"pa_lisainfo-sobib-osalise-varjuga-kasvualale","27":"pa_lisainfo-talvine-ponevus","28":"pa_lohn-orn","29":"pa_oie-suurus-vaike","30":"pa_oie-varv-roosa","31":"pa_oietuup-pooltaidisois","32":"pa_oitsemine-korduvalt-oitsev","33":"pa_sort-vaikepoosas","34":"pa_taimede-arvestus-ruutmeetri-3-4","35":"pa_talvekindlus-vaga-hea","36":"pa_variatsioon-potis-4-6l-soodushind-50","38":"first","39":"outofstock","40":"sale","41":"purchasable","42":"product-type-variable"},"acf":[],"_links":{"self":[{"href":"https:\/\/dev.garden.ee\/en\/wp-json\/wp\/v2\/product\/8698","targetHints":{"allow":["GET"]}}],"collection":[{"href":"https:\/\/dev.garden.ee\/en\/wp-json\/wp\/v2\/product"}],"about":[{"href":"https:\/\/dev.garden.ee\/en\/wp-json\/wp\/v2\/types\/product"}],"wp:featuredmedia":[{"embeddable":true,"href":"https:\/\/dev.garden.ee\/en\/wp-json\/wp\/v2\/media\/8699"}],"wp:attachment":[{"href":"https:\/\/dev.garden.ee\/en\/wp-json\/wp\/v2\/media?parent=8698"}],"wp:term":[{"taxonomy":"product_brand","embeddable":true,"href":"https:\/\/dev.garden.ee\/en\/wp-json\/wp\/v2\/product_brand?post=8698"},{"taxonomy":"product_cat","embeddable":true,"href":"https:\/\/dev.garden.ee\/en\/wp-json\/wp\/v2\/product_cat?post=8698"},{"taxonomy":"product_tag","embeddable":true,"href":"https:\/\/dev.garden.ee\/en\/wp-json\/wp\/v2\/product_tag?post=8698"}],"curies":[{"name":"wp","href":"https:\/\/api.w.org\/{rel}","templated":true}]}}