{"id":8673,"date":"2023-01-18T18:11:42","date_gmt":"2023-01-18T16:11:42","guid":{"rendered":"https:\/\/dev.zezz.ee\/garden\/toode\/iris-open-your-eyes\/"},"modified":"2026-02-28T16:24:06","modified_gmt":"2026-02-28T14:24:06","slug":"iris-open-your-eyes","status":"publish","type":"product","link":"https:\/\/dev.garden.ee\/en\/product\/iris-open-your-eyes\/","title":{"rendered":"Iris &#8216;Open Your Eyes&#8217;"},"content":{"rendered":"<input class=\"fooboxshare_post_id\" type=\"hidden\" value=\"8673\"\/>","protected":false},"excerpt":{"rendered":"<p>Valged \u00fclemised kroonlehed koos lillade alumiste kroonlehtede ja valge \u00e4\u00e4risega. Valge habe. Peetakse parimaks k\u00e4\u00e4busiiriseks 2016 (Cook-Douglas medal).<\/p>","protected":false},"featured_media":8674,"template":"","meta":[],"product_brand":[],"product_cat":[4398,4415,4414,4401,22],"product_tag":[],"class_list":{"0":"post-8673","1":"product","2":"type-product","3":"status-publish","4":"has-post-thumbnail","6":"product_cat-iirised","7":"product_cat-lilleaed","8":"product_cat-lohnaaed","9":"product_cat-pusikud","10":"product_cat-taimed","11":"pa_moodud-k-35-cm-l-25-30-cm","12":"pa_oie-varv-valge","13":"pa_oitsemise-aeg-keskmine-hiline","14":"pa_talvekindlus-vaga-hea","15":"pa_tsoon-3-9","16":"pa_variatsioon-suurem-pott-soodushind-70","18":"first","19":"outofstock","20":"sale","21":"purchasable","22":"product-type-variable"},"acf":[],"_links":{"self":[{"href":"https:\/\/dev.garden.ee\/en\/wp-json\/wp\/v2\/product\/8673","targetHints":{"allow":["GET"]}}],"collection":[{"href":"https:\/\/dev.garden.ee\/en\/wp-json\/wp\/v2\/product"}],"about":[{"href":"https:\/\/dev.garden.ee\/en\/wp-json\/wp\/v2\/types\/product"}],"wp:featuredmedia":[{"embeddable":true,"href":"https:\/\/dev.garden.ee\/en\/wp-json\/wp\/v2\/media\/8674"}],"wp:attachment":[{"href":"https:\/\/dev.garden.ee\/en\/wp-json\/wp\/v2\/media?parent=8673"}],"wp:term":[{"taxonomy":"product_brand","embeddable":true,"href":"https:\/\/dev.garden.ee\/en\/wp-json\/wp\/v2\/product_brand?post=8673"},{"taxonomy":"product_cat","embeddable":true,"href":"https:\/\/dev.garden.ee\/en\/wp-json\/wp\/v2\/product_cat?post=8673"},{"taxonomy":"product_tag","embeddable":true,"href":"https:\/\/dev.garden.ee\/en\/wp-json\/wp\/v2\/product_tag?post=8673"}],"curies":[{"name":"wp","href":"https:\/\/api.w.org\/{rel}","templated":true}]}}