{"id":8657,"date":"2023-01-18T18:11:32","date_gmt":"2023-01-18T16:11:32","guid":{"rendered":"https:\/\/dev.zezz.ee\/garden\/toode\/liriope-muscari-gold-banded\/"},"modified":"2026-03-02T11:12:46","modified_gmt":"2026-03-02T09:12:46","slug":"liriope-muscari-gold-banded","status":"publish","type":"product","link":"https:\/\/dev.garden.ee\/en\/product\/liriope-muscari-gold-banded\/","title":{"rendered":"Liriope muscari &#8216;Gold Banded&#8217;"},"content":{"rendered":"<input class=\"fooboxshare_post_id\" type=\"hidden\" value=\"8657\"\/>","protected":false},"excerpt":{"rendered":"<p>Dekoratiivne p\u00fcsik, mille lehestik meenutab lineaarse lehekuju ja heledate s\u00e4lkude poolest veidi tups-rohtliiliat. Tumerohelistee kuldsete servadega tihedalt m\u00e4ttas istuvad lehed teevad taimest selle leplike kasvutingimuste t\u00f5ttu hea pinnakatja, sobitumaks v\u00e4ga erinevate tingimustega aladele.\u00a0Suve l\u00f5pul ilmuvad m\u00e4taste kohal k\u00f5rguvatele vartele lillad \u00f5iet\u00f5rvikud, mis s\u00fcgisest tumedalt l\u00e4ikivaid marju kandma hakkavad. Taim eelistab p\u00e4ikeselist kasvukohta ja parasniisket pinnast, kuid kannatab ka p\u00f5uda ning poolvarju. Lisaks niiskus-, soola- ja talvekindel. Sobib ideaalselt kaunistamaks veekogude servasid.<\/p>","protected":false},"featured_media":25717,"template":"","meta":[],"product_brand":[],"product_cat":[4415,4406,9200,4401,4412,22],"product_tag":[],"class_list":{"0":"post-8657","1":"product","2":"type-product","3":"status-publish","4":"has-post-thumbnail","6":"product_cat-lilleaed","7":"product_cat-park","8":"product_cat-pinnakatjad","9":"product_cat-pusikud","10":"product_cat-varjuaed","11":"product_cat-taimed","12":"pa_haiguskindlus-vaga-hea","13":"pa_moodud-k-30-45-cm-l-30-90-cm","14":"pa_oie-varv-lilla","15":"pa_oitsemise-aeg-juuli-september","16":"pa_talvekindlus-vaga-hea","17":"pa_tsoon-4-10","18":"pa_variatsioon-suurem-pott","19":"pa_variatsioon-vaiksem-pott","21":"first","22":"outofstock","23":"purchasable","24":"product-type-variable"},"acf":[],"_links":{"self":[{"href":"https:\/\/dev.garden.ee\/en\/wp-json\/wp\/v2\/product\/8657","targetHints":{"allow":["GET"]}}],"collection":[{"href":"https:\/\/dev.garden.ee\/en\/wp-json\/wp\/v2\/product"}],"about":[{"href":"https:\/\/dev.garden.ee\/en\/wp-json\/wp\/v2\/types\/product"}],"wp:featuredmedia":[{"embeddable":true,"href":"https:\/\/dev.garden.ee\/en\/wp-json\/wp\/v2\/media\/25717"}],"wp:attachment":[{"href":"https:\/\/dev.garden.ee\/en\/wp-json\/wp\/v2\/media?parent=8657"}],"wp:term":[{"taxonomy":"product_brand","embeddable":true,"href":"https:\/\/dev.garden.ee\/en\/wp-json\/wp\/v2\/product_brand?post=8657"},{"taxonomy":"product_cat","embeddable":true,"href":"https:\/\/dev.garden.ee\/en\/wp-json\/wp\/v2\/product_cat?post=8657"},{"taxonomy":"product_tag","embeddable":true,"href":"https:\/\/dev.garden.ee\/en\/wp-json\/wp\/v2\/product_tag?post=8657"}],"curies":[{"name":"wp","href":"https:\/\/api.w.org\/{rel}","templated":true}]}}