{"id":8643,"date":"2023-01-18T18:11:23","date_gmt":"2023-01-18T16:11:23","guid":{"rendered":"https:\/\/dev.zezz.ee\/garden\/toode\/luzula-sylvatica-solar-flair\/"},"modified":"2026-03-02T15:59:29","modified_gmt":"2026-03-02T13:59:29","slug":"luzula-sylvatica-solar-flair","status":"publish","type":"product","link":"https:\/\/dev.garden.ee\/en\/product\/luzula-sylvatica-solar-flair\/","title":{"rendered":"Luzula sylvatica &#8216;Solar Flair&#8217;"},"content":{"rendered":"<input class=\"fooboxshare_post_id\" type=\"hidden\" value=\"8643\"\/>","protected":false},"excerpt":{"rendered":"<p>Huvitava struktuuriga kuldpruune \u00f5isikuid kandev taim on oma ereda ja tiheda lehestiku t\u00f5ttu \u00fcheks \u00e4\u00e4rmiselt p\u00f5nevaks pinnakattetaimeks. Sobib h\u00e4sti peenarde servadesse, puude v\u00f5i p\u00f5\u00f5saste alla. Pigem madalakasvuline ja kompatne (keskmiselt ligi 30 cm\/d), saavutab enda t\u00e4islaiuse tavaliselt p\u00e4rast nelja\/viite aastat.<\/p>","protected":false},"featured_media":25729,"template":"","meta":[],"product_brand":[],"product_cat":[4407,4400,4415,4406,9200,4401,4412,22],"product_tag":[],"class_list":{"0":"post-8643","1":"product","2":"type-product","3":"status-publish","4":"has-post-thumbnail","6":"product_cat-aasad","7":"product_cat-korrelised","8":"product_cat-lilleaed","9":"product_cat-park","10":"product_cat-pinnakatjad","11":"product_cat-pusikud","12":"product_cat-varjuaed","13":"product_cat-taimed","14":"pa_haiguskindlus-vaga-hea","15":"pa_moodud-k-20-30-cm-l-30-45-cm","16":"pa_oie-varv-pruun","17":"pa_oitsemise-aeg-mai-juuni","18":"pa_talvekindlus-vaga-hea","19":"pa_tsoon-5-8","20":"pa_variatsioon-suurem-pott","21":"pa_variatsioon-vaiksem-pott","23":"first","24":"outofstock","25":"purchasable","26":"product-type-variable"},"acf":[],"_links":{"self":[{"href":"https:\/\/dev.garden.ee\/en\/wp-json\/wp\/v2\/product\/8643","targetHints":{"allow":["GET"]}}],"collection":[{"href":"https:\/\/dev.garden.ee\/en\/wp-json\/wp\/v2\/product"}],"about":[{"href":"https:\/\/dev.garden.ee\/en\/wp-json\/wp\/v2\/types\/product"}],"wp:featuredmedia":[{"embeddable":true,"href":"https:\/\/dev.garden.ee\/en\/wp-json\/wp\/v2\/media\/25729"}],"wp:attachment":[{"href":"https:\/\/dev.garden.ee\/en\/wp-json\/wp\/v2\/media?parent=8643"}],"wp:term":[{"taxonomy":"product_brand","embeddable":true,"href":"https:\/\/dev.garden.ee\/en\/wp-json\/wp\/v2\/product_brand?post=8643"},{"taxonomy":"product_cat","embeddable":true,"href":"https:\/\/dev.garden.ee\/en\/wp-json\/wp\/v2\/product_cat?post=8643"},{"taxonomy":"product_tag","embeddable":true,"href":"https:\/\/dev.garden.ee\/en\/wp-json\/wp\/v2\/product_tag?post=8643"}],"curies":[{"name":"wp","href":"https:\/\/api.w.org\/{rel}","templated":true}]}}