{"id":8609,"date":"2023-01-18T18:11:01","date_gmt":"2023-01-18T16:11:01","guid":{"rendered":"https:\/\/dev.zezz.ee\/garden\/toode\/hemerocallis-summer-wine\/"},"modified":"2026-02-25T18:36:08","modified_gmt":"2026-02-25T16:36:08","slug":"hemerocallis-summer-wine","status":"publish","type":"product","link":"https:\/\/dev.garden.ee\/en\/product\/hemerocallis-summer-wine\/","title":{"rendered":"Hemerocallis &#8216;Summer Wine&#8217;"},"content":{"rendered":"<input class=\"fooboxshare_post_id\" type=\"hidden\" value=\"8609\"\/>","protected":false},"excerpt":{"rendered":"<p>Kui veinikarva, siis pigem roosa, on see p\u00e4evaliilia oma kirgaste lainjaservaliste \u00f5itega t\u00f5eline iludus. Lineaalsete lehtedega heleroheline rosett hakkab oma suuri ja kirevaid \u00f5isi ilmutama ligikaudu suve keskpaigast. \u00dchena kergemini peetavate taimede seast, on p\u00e4evaliiliat muretu kasvatada ka k\u00f5ige laisemal aednikul &#8211; sort saab hakkama nii niiskel, keskmisel, kui ka kuivapoolsel pinnasel. Tigimuseks piisav annus p\u00e4ikesevalgust. Taim on massiivne ja levib j\u00f5uliselt. Seega on soovitatav taime p\u00e4rast m\u00f5nda aastat jagada.<\/p>","protected":false},"featured_media":8610,"template":"","meta":[],"product_brand":[],"product_cat":[4415,4401,4409,4392,22],"product_tag":[],"class_list":{"0":"post-8609","1":"product","2":"type-product","3":"status-publish","4":"has-post-thumbnail","6":"product_cat-lilleaed","7":"product_cat-pusikud","8":"product_cat-tiigiaed","9":"product_cat-tiigitaimed","10":"product_cat-taimed","11":"pa_haiguskindlus-vaga-hea","12":"pa_moodud-k-60-70-cm-l-60-90-cm","13":"pa_oie-varv-roosa","14":"pa_oitsemise-aeg-juuli-august","15":"pa_talvekindlus-vaga-hea","16":"pa_tsoon-z-3-9","17":"pa_variatsioon-suurem-pott","18":"pa_variatsioon-vaiksem-pott","20":"first","21":"instock","22":"purchasable","23":"product-type-variable"},"acf":[],"_links":{"self":[{"href":"https:\/\/dev.garden.ee\/en\/wp-json\/wp\/v2\/product\/8609","targetHints":{"allow":["GET"]}}],"collection":[{"href":"https:\/\/dev.garden.ee\/en\/wp-json\/wp\/v2\/product"}],"about":[{"href":"https:\/\/dev.garden.ee\/en\/wp-json\/wp\/v2\/types\/product"}],"wp:featuredmedia":[{"embeddable":true,"href":"https:\/\/dev.garden.ee\/en\/wp-json\/wp\/v2\/media\/8610"}],"wp:attachment":[{"href":"https:\/\/dev.garden.ee\/en\/wp-json\/wp\/v2\/media?parent=8609"}],"wp:term":[{"taxonomy":"product_brand","embeddable":true,"href":"https:\/\/dev.garden.ee\/en\/wp-json\/wp\/v2\/product_brand?post=8609"},{"taxonomy":"product_cat","embeddable":true,"href":"https:\/\/dev.garden.ee\/en\/wp-json\/wp\/v2\/product_cat?post=8609"},{"taxonomy":"product_tag","embeddable":true,"href":"https:\/\/dev.garden.ee\/en\/wp-json\/wp\/v2\/product_tag?post=8609"}],"curies":[{"name":"wp","href":"https:\/\/api.w.org\/{rel}","templated":true}]}}