{"id":8545,"date":"2023-01-18T18:10:19","date_gmt":"2023-01-18T16:10:19","guid":{"rendered":"https:\/\/dev.zezz.ee\/garden\/toode\/taxus-baccata-fastigiata-aurea\/"},"modified":"2023-03-24T11:59:55","modified_gmt":"2023-03-24T09:59:55","slug":"taxus-baccata-fastigiata-aurea","status":"publish","type":"product","link":"https:\/\/dev.garden.ee\/en\/product\/taxus-baccata-fastigiata-aurea\/","title":{"rendered":"Taxus baccata &#8216;Fastigiata Aurea&#8217;"},"content":{"rendered":"<input class=\"fooboxshare_post_id\" type=\"hidden\" value=\"8545\"\/>","protected":false},"excerpt":{"rendered":"<p>Sammasjavormiga jugapuu sordi v\u00e4ga tihedalt paiknevad okkad on sooja kollaka varjundiga. Jugapuid on v\u00e4ga kerge p\u00fcgada erinevatesse vormidesse.\u00a0Mullastiku suhtes pigem leplik, eelistab k\u00fcll viljakamaid ning huumusrikkaid muldi, kuid kasvab ka liivsavikatel muldadel. T\u00e4nu oma efektsele okkav\u00e4rvile on tegemist suurep\u00e4rase aktsent taimega varjulisemasse alasse.<\/p>","protected":false},"featured_media":8546,"template":"","meta":[],"product_brand":[],"product_cat":[4403,4406,4396,4412,22],"product_tag":[],"class_list":{"0":"post-8545","1":"product","2":"type-product","3":"status-publish","4":"has-post-thumbnail","6":"product_cat-kodu","7":"product_cat-park","8":"product_cat-puud-ja-poosad","9":"product_cat-varjuaed","10":"product_cat-taimed","11":"pa_moodud-k-12-4-m-l-60-120-cm","12":"pa_muugisuurus-erinevad-suurused","13":"pa_talvekindlus-keskmine","14":"pa_tsoon-6-7","15":"pa_variatsioon-poosas-h-60-80-cm","16":"pa_variatsioon-poosas-h-80-100-cm","18":"first","19":"instock","20":"taxable","21":"shipping-taxable","22":"purchasable","23":"product-type-variable"},"acf":[],"_links":{"self":[{"href":"https:\/\/dev.garden.ee\/en\/wp-json\/wp\/v2\/product\/8545","targetHints":{"allow":["GET"]}}],"collection":[{"href":"https:\/\/dev.garden.ee\/en\/wp-json\/wp\/v2\/product"}],"about":[{"href":"https:\/\/dev.garden.ee\/en\/wp-json\/wp\/v2\/types\/product"}],"wp:featuredmedia":[{"embeddable":true,"href":"https:\/\/dev.garden.ee\/en\/wp-json\/wp\/v2\/media\/8546"}],"wp:attachment":[{"href":"https:\/\/dev.garden.ee\/en\/wp-json\/wp\/v2\/media?parent=8545"}],"wp:term":[{"taxonomy":"product_brand","embeddable":true,"href":"https:\/\/dev.garden.ee\/en\/wp-json\/wp\/v2\/product_brand?post=8545"},{"taxonomy":"product_cat","embeddable":true,"href":"https:\/\/dev.garden.ee\/en\/wp-json\/wp\/v2\/product_cat?post=8545"},{"taxonomy":"product_tag","embeddable":true,"href":"https:\/\/dev.garden.ee\/en\/wp-json\/wp\/v2\/product_tag?post=8545"}],"curies":[{"name":"wp","href":"https:\/\/api.w.org\/{rel}","templated":true}]}}