{"id":854,"date":"2023-01-18T16:58:04","date_gmt":"2023-01-18T14:58:04","guid":{"rendered":"https:\/\/dev.zezz.ee\/garden\/toode\/madame-anisette\/"},"modified":"2026-02-07T11:49:01","modified_gmt":"2026-02-07T09:49:01","slug":"madame-anisette","status":"publish","type":"product","link":"https:\/\/dev.garden.ee\/en\/product\/madame-anisette\/","title":{"rendered":"Madame Anisette\u00ae"},"content":{"rendered":"<input class=\"fooboxshare_post_id\" type=\"hidden\" value=\"854\"\/>","protected":false},"excerpt":{"rendered":"<p>Armsa v\u00e4ljan\u00e4gemisega roosi puhul on tegemist m\u00e4rksa iseloomukama sordiga kui alguses v\u00f5ib ekslikult arvata. Esiletungiv ning erakordselt mitmetahuline aroomibukett pakub nii m\u00f5negi \u00fcllatuse. Esmalt lummab intensiivne aniis, milles kumab lik\u00f6\u00f6ri ning aroomikat m\u00fcrri. Samuti on \u00f5rnalt esindatud ka v\u00fcrtsikad toonid leeskputke poolt. M\u00e4rgatav seebisus koos v\u00e4rske roosiga vabaneb avanevatest \u00f5itest. Magusa mee ilming annab just sobiva tasakaalustatud kontrastsuse. Tugevaim l\u00f5hnaelamus esineb hommikuti, l\u00f5unal ning \u00f5htuti. Esmalt roosad \u00f5ienupud avanevad kreemikateks kerge aprikoosi tooniga keskmisteks (8cm) \u00f5iteks. V\u00e4ga elegantse olemusega \u00f5ied paiknevad gruppides. P\u00fcstise kasvuga, v\u00e4ga terve tumeroheline ja kergelt l\u00e4ikiv lehestik, hea kuuma taluvusega, k\u00f5rge haiguskindlusega.<\/p>\n<p>Mitmed auhinnad rahvusvahelistel roosiv\u00f5istlustel, n\u00e4iteks Coupe de Parfum Lyonis ja Golden Rose Kortrijkis.<\/p>\n<p><span style=\"color: #ff0000;\">ETTETELLIMINE, V\u00c4LJASTAMINE APRILLI TEISEST POOLEST<\/span><\/p>","protected":false},"featured_media":855,"template":"","meta":[],"product_brand":[],"product_cat":[4415,9702,4414,4413,9550,4416,4402,22],"product_tag":[9418],"class_list":{"0":"post-854","1":"product","2":"type-product","3":"status-publish","4":"has-post-thumbnail","6":"product_cat-lilleaed","7":"product_cat-linnaaed","8":"product_cat-lohnaaed","9":"product_cat-loikelilleaed","10":"product_cat-rodu-ja-terrass","11":"product_cat-roosiaed","12":"product_cat-roosid","13":"product_cat-taimed","14":"product_tag-adr-roos","15":"pa_adr-jah","16":"pa_aretus-w-kordes-sohne","17":"pa_avalikustamisaasta-saksamaa-2013","18":"pa_haiguskindlus-vaga-hea","19":"pa_kasvukorgus-70-90-cm","20":"pa_kollektsioon-parfuma","21":"pa_laius-50-cm","22":"pa_lisainfo-sobib-lohnaaeda","23":"pa_lisainfo-sobib-loikelilleks","24":"pa_lohn-tugev","25":"pa_lohn-intensiivne","26":"pa_lohn-terav","27":"pa_oie-suurus-keskmine","28":"pa_oie-varv-aprikoos","29":"pa_oie-varv-kreemjas","30":"pa_oietuup-taidisois","31":"pa_oitsemine-korduvalt-oitsev","32":"pa_sort-teehubriidroos","33":"pa_talvekindlus-vaga-hea","34":"pa_variatsioon-potis-2l-kevadel","35":"pa_variatsioon-potis-4-6l","36":"pa_variatsioon-potis-4-6l-suvel-ja-sugisel","38":"first","39":"outofstock","40":"purchasable","41":"product-type-variable"},"acf":[],"_links":{"self":[{"href":"https:\/\/dev.garden.ee\/en\/wp-json\/wp\/v2\/product\/854","targetHints":{"allow":["GET"]}}],"collection":[{"href":"https:\/\/dev.garden.ee\/en\/wp-json\/wp\/v2\/product"}],"about":[{"href":"https:\/\/dev.garden.ee\/en\/wp-json\/wp\/v2\/types\/product"}],"wp:featuredmedia":[{"embeddable":true,"href":"https:\/\/dev.garden.ee\/en\/wp-json\/wp\/v2\/media\/855"}],"wp:attachment":[{"href":"https:\/\/dev.garden.ee\/en\/wp-json\/wp\/v2\/media?parent=854"}],"wp:term":[{"taxonomy":"product_brand","embeddable":true,"href":"https:\/\/dev.garden.ee\/en\/wp-json\/wp\/v2\/product_brand?post=854"},{"taxonomy":"product_cat","embeddable":true,"href":"https:\/\/dev.garden.ee\/en\/wp-json\/wp\/v2\/product_cat?post=854"},{"taxonomy":"product_tag","embeddable":true,"href":"https:\/\/dev.garden.ee\/en\/wp-json\/wp\/v2\/product_tag?post=854"}],"curies":[{"name":"wp","href":"https:\/\/api.w.org\/{rel}","templated":true}]}}