{"id":8539,"date":"2023-01-18T18:10:15","date_gmt":"2023-01-18T16:10:15","guid":{"rendered":"https:\/\/dev.zezz.ee\/garden\/toode\/taxus-baccata-repandens\/"},"modified":"2023-03-30T14:09:16","modified_gmt":"2023-03-30T11:09:16","slug":"taxus-baccata-repandens","status":"publish","type":"product","link":"https:\/\/dev.garden.ee\/en\/product\/taxus-baccata-repandens\/","title":{"rendered":"Taxus baccata &#8216;Repandens&#8217;"},"content":{"rendered":"<input class=\"fooboxshare_post_id\" type=\"hidden\" value=\"8539\"\/>","protected":false},"excerpt":{"rendered":"<p>\u00dcks madalaim m\u00f6\u00f6da maad laiuv jugapuu sort. Maapinnaga paralleelselt paiknevad oksad on kaetud tumeroheliste okastega. Noored taimed pigem aeglasekasvulised, vanemas eas m\u00f5neti kiirema kasvuga. Nagu jugapuude puhul ikka on ka antud sort k\u00e4pimistele v\u00e4ga vastuv\u00f5tlik.\u00a0Pinnase ja valgustingimuste suhtes pigem v\u00e4hen\u00f5udlik. Nooremad taimed v\u00f5ivad k\u00fcll vajada p\u00e4ikeselisemas taimealas kasvades kevadist katmist.<\/p>","protected":false},"featured_media":8540,"template":"","meta":[],"product_brand":[],"product_cat":[4403,4406,9200,4396,4412,22],"product_tag":[],"class_list":{"0":"post-8539","1":"product","2":"type-product","3":"status-publish","4":"has-post-thumbnail","6":"product_cat-kodu","7":"product_cat-park","8":"product_cat-pinnakatjad","9":"product_cat-puud-ja-poosad","10":"product_cat-varjuaed","11":"product_cat-taimed","12":"pa_moodud-k-60-120-cm-l-45-m","13":"pa_muugisuurus-erinevad-suurused","14":"pa_talvekindlus-keskmine","15":"pa_tsoon-6-7","16":"pa_variatsioon-poosas-h-20-40-cm","17":"pa_variatsioon-poosas-h-60-80-cm","18":"pa_variatsioon-poosas-pott-10l","20":"first","21":"instock","22":"taxable","23":"shipping-taxable","24":"purchasable","25":"product-type-variable"},"acf":[],"_links":{"self":[{"href":"https:\/\/dev.garden.ee\/en\/wp-json\/wp\/v2\/product\/8539","targetHints":{"allow":["GET"]}}],"collection":[{"href":"https:\/\/dev.garden.ee\/en\/wp-json\/wp\/v2\/product"}],"about":[{"href":"https:\/\/dev.garden.ee\/en\/wp-json\/wp\/v2\/types\/product"}],"wp:featuredmedia":[{"embeddable":true,"href":"https:\/\/dev.garden.ee\/en\/wp-json\/wp\/v2\/media\/8540"}],"wp:attachment":[{"href":"https:\/\/dev.garden.ee\/en\/wp-json\/wp\/v2\/media?parent=8539"}],"wp:term":[{"taxonomy":"product_brand","embeddable":true,"href":"https:\/\/dev.garden.ee\/en\/wp-json\/wp\/v2\/product_brand?post=8539"},{"taxonomy":"product_cat","embeddable":true,"href":"https:\/\/dev.garden.ee\/en\/wp-json\/wp\/v2\/product_cat?post=8539"},{"taxonomy":"product_tag","embeddable":true,"href":"https:\/\/dev.garden.ee\/en\/wp-json\/wp\/v2\/product_tag?post=8539"}],"curies":[{"name":"wp","href":"https:\/\/api.w.org\/{rel}","templated":true}]}}