{"id":8534,"date":"2023-01-18T18:10:12","date_gmt":"2023-01-18T16:10:12","guid":{"rendered":"https:\/\/dev.zezz.ee\/garden\/toode\/peach-melba\/"},"modified":"2026-02-08T16:59:57","modified_gmt":"2026-02-08T14:59:57","slug":"peach-melba","status":"publish","type":"product","link":"https:\/\/dev.garden.ee\/en\/product\/peach-melba\/","title":{"rendered":"Peach Melba"},"content":{"rendered":"<input class=\"fooboxshare_post_id\" type=\"hidden\" value=\"8534\"\/>","protected":false},"excerpt":{"rendered":"<div class=\"QcsUad BDJ8fb BLojaf sMVRZe hCXDsb wneUed\">\n<div class=\"usGWQd\">\n<div class=\"KkbLmb\">\n<p class=\"lRu31\" dir=\"ltr\"><span class=\"HwtZe\" lang=\"et\"><span class=\"jCAhz ChMk0b\"><span class=\"ryNqvb\">P\u00f5\u00f5sasja ja p\u00fcstise kasvuga ronitaim. Kasvab m\u00f5\u00f5dukalt, mist\u00f5ttu on ideaalne v\u00e4ikestesse aedadesse ja konteineritesse istutamiseks.<\/span><\/span> <span class=\"jCAhz ChMk0b\"><span class=\"ryNqvb\">V\u00e4ga t\u00e4idlased keskmised (7-8cm) kuumakindlad \u00f5ied, millel puuviljane v\u00e4rvus nagu magustoidul &#8220;Peach Melba&#8221;. \u00d5itseb pidevalt, moodustades aina uusi ja uusi \u00f5rnalt l\u00f5hnavaid \u00f5ienuppe.<\/span><\/span> <span class=\"jCAhz ChMk0b\"><span class=\"ryNqvb\">K\u00f5rge haiguskindlus ja usaldusv\u00e4\u00e4rne talvekindlus.<\/span><\/span><\/span><\/p>\n<p class=\"lRu31\" dir=\"ltr\"><span class=\"HwtZe\" lang=\"et\"><span class=\"jCAhz ChMk0b\"><span class=\"ryNqvb\">Auhinnatud rahvusvahelistel roosiv\u00f5istlustel.<\/span><\/span><\/span><\/p>\n<\/div>\n<\/div>\n<\/div>","protected":false},"featured_media":8535,"template":"","meta":[],"product_brand":[],"product_cat":[9637,4415,9702,9550,4397,4416,4402,4408,22],"product_tag":[],"class_list":{"0":"post-8534","1":"product","2":"type-product","3":"status-publish","4":"has-post-thumbnail","6":"product_cat-istutuskast","7":"product_cat-lilleaed","8":"product_cat-linnaaed","9":"product_cat-rodu-ja-terrass","10":"product_cat-ronitaimed","11":"product_cat-roosiaed","12":"product_cat-roosid","13":"product_cat-vaike-aed","14":"product_cat-taimed","15":"pa_aretus-w-kordes-sohne","16":"pa_avalikustamisaasta-saksamaa-2018","17":"pa_haiguskindlus-vaga-hea","18":"pa_kasvukorgus-200-250-cm","19":"pa_laius-80-cm","20":"pa_lisainfo-sobilik-istutuskasti-jaoks","21":"pa_lohn-orn","22":"pa_oie-suurus-keskmine","23":"pa_oie-varv-aprikoosiroosa","24":"pa_oietuup-taidisois","25":"pa_oitsemine-korduvalt-oitsev","26":"pa_sort-roniroos","27":"pa_taimede-arvestus-ruutmeetri-9220","28":"pa_talvekindlus-vaga-hea","29":"pa_variatsioon-potis-2l-kevadel","30":"pa_variatsioon-potis-4-6l","32":"first","33":"outofstock","34":"purchasable","35":"product-type-variable"},"acf":[],"_links":{"self":[{"href":"https:\/\/dev.garden.ee\/en\/wp-json\/wp\/v2\/product\/8534","targetHints":{"allow":["GET"]}}],"collection":[{"href":"https:\/\/dev.garden.ee\/en\/wp-json\/wp\/v2\/product"}],"about":[{"href":"https:\/\/dev.garden.ee\/en\/wp-json\/wp\/v2\/types\/product"}],"wp:featuredmedia":[{"embeddable":true,"href":"https:\/\/dev.garden.ee\/en\/wp-json\/wp\/v2\/media\/8535"}],"wp:attachment":[{"href":"https:\/\/dev.garden.ee\/en\/wp-json\/wp\/v2\/media?parent=8534"}],"wp:term":[{"taxonomy":"product_brand","embeddable":true,"href":"https:\/\/dev.garden.ee\/en\/wp-json\/wp\/v2\/product_brand?post=8534"},{"taxonomy":"product_cat","embeddable":true,"href":"https:\/\/dev.garden.ee\/en\/wp-json\/wp\/v2\/product_cat?post=8534"},{"taxonomy":"product_tag","embeddable":true,"href":"https:\/\/dev.garden.ee\/en\/wp-json\/wp\/v2\/product_tag?post=8534"}],"curies":[{"name":"wp","href":"https:\/\/api.w.org\/{rel}","templated":true}]}}