{"id":8525,"date":"2023-01-18T18:10:06","date_gmt":"2023-01-18T16:10:06","guid":{"rendered":"https:\/\/dev.zezz.ee\/garden\/toode\/scabiosa-caucasica-fama\/"},"modified":"2023-02-22T23:03:41","modified_gmt":"2023-02-22T21:03:41","slug":"scabiosa-caucasica-fama","status":"publish","type":"product","link":"https:\/\/dev.garden.ee\/en\/product\/scabiosa-caucasica-fama\/","title":{"rendered":"Scabiosa caucasica &#8216;Fama&#8217;"},"content":{"rendered":"<input class=\"fooboxshare_post_id\" type=\"hidden\" value=\"8525\"\/>","protected":false},"excerpt":{"rendered":"<p>Intensiivselt siniste \u00f5itega t\u00e4htpea sort. Ligi 30 cm l\u00e4bim\u00f5\u00f5duga tihedate piigikujuliste lehtedega lehem\u00e4taste otsa kasvavad pikkadel vartel paiknevad lamedad rikkaliku tekstuuriga \u00f5ied, mis on eriti kaunid kerges tuules ja kombineerituna teiste sobivate lillesortidega. Eelistab p\u00e4ikesepaistelist hea drenaa\u017eiga ent viljaka pinnasega kasvukohta ja vajab kasvuperioodi v\u00e4ltel pidevat kastmist, et tagada arenemiseks vajaminev niiskus.\u00a0 Sorti peetakse <em>Blue Pincushions<\/em>\u00a0 t\u00e4htpeade r\u00fchma taimede seast suurima\u00f5ielisima ja \u00fchtlaseima kasvuvormiga haruks.<\/p>","protected":false},"featured_media":22982,"template":"","meta":[],"product_brand":[],"product_cat":[4403,4415,4413,6934,4401,22],"product_tag":[],"class_list":{"0":"post-8525","1":"product","2":"type-product","3":"status-publish","4":"has-post-thumbnail","6":"product_cat-kodu","7":"product_cat-lilleaed","8":"product_cat-loikelilleaed","9":"product_cat-mesilassobralik-aed","10":"product_cat-pusikud","11":"product_cat-taimed","12":"pa_haiguskindlus-vaga-hea","13":"pa_lohn-keskmine","14":"pa_moodud-k-50-60-cm-l-30-60-cm","15":"pa_oie-varv-sinine","16":"pa_oitsemise-aeg-juuli-september","17":"pa_talvekindlus-keskmine","18":"pa_tsoon-3-7","19":"pa_variatsioon-suurem-pott","20":"pa_variatsioon-vaiksem-pott","22":"first","23":"instock","24":"purchasable","25":"product-type-variable"},"acf":[],"_links":{"self":[{"href":"https:\/\/dev.garden.ee\/en\/wp-json\/wp\/v2\/product\/8525","targetHints":{"allow":["GET"]}}],"collection":[{"href":"https:\/\/dev.garden.ee\/en\/wp-json\/wp\/v2\/product"}],"about":[{"href":"https:\/\/dev.garden.ee\/en\/wp-json\/wp\/v2\/types\/product"}],"wp:featuredmedia":[{"embeddable":true,"href":"https:\/\/dev.garden.ee\/en\/wp-json\/wp\/v2\/media\/22982"}],"wp:attachment":[{"href":"https:\/\/dev.garden.ee\/en\/wp-json\/wp\/v2\/media?parent=8525"}],"wp:term":[{"taxonomy":"product_brand","embeddable":true,"href":"https:\/\/dev.garden.ee\/en\/wp-json\/wp\/v2\/product_brand?post=8525"},{"taxonomy":"product_cat","embeddable":true,"href":"https:\/\/dev.garden.ee\/en\/wp-json\/wp\/v2\/product_cat?post=8525"},{"taxonomy":"product_tag","embeddable":true,"href":"https:\/\/dev.garden.ee\/en\/wp-json\/wp\/v2\/product_tag?post=8525"}],"curies":[{"name":"wp","href":"https:\/\/api.w.org\/{rel}","templated":true}]}}