{"id":8423,"date":"2023-01-18T18:09:03","date_gmt":"2023-01-18T16:09:03","guid":{"rendered":"https:\/\/dev.zezz.ee\/garden\/toode\/kaktusemuld-pruun-matogard\/"},"modified":"2023-03-08T16:25:41","modified_gmt":"2023-03-08T14:25:41","slug":"kaktusemuld-pruun-matogard","status":"publish","type":"product","link":"https:\/\/dev.garden.ee\/en\/product\/kaktusemuld-pruun-matogard\/","title":{"rendered":"Kaktusemuld Matogard"},"content":{"rendered":"<input class=\"fooboxshare_post_id\" type=\"hidden\" value=\"8423\"\/>","protected":false},"excerpt":{"rendered":"<p>Kaktusemuld pruun Matogard on m\u00f5eldud kaktuste ja sukulentide \u00fcmberistutamiseks ning seemnete k\u00fclviks. Selles Matogardi kaktuste mullas tunnevad end h\u00e4sti n\u00e4iteks helme-, leht-, metskaktused, \u00f6\u00f6kuninganna, havisaba, Discocactus, Eriocereus. Koostis tagab kaktuste mullale hea veel\u00e4bilaskvuse ja soodsa \u00f5hure\u017eiimi.<\/p>\n<p>Kaktusemuld sinine Matogard on ideaalne muld kaktuste ja sukulentide \u00fcmberistutamiseks. Lisaks v\u00f5ib kasutada seemnete k\u00fclviks. Muld sobib taimedele, mis vajavad v\u00e4iksema toitainete sisaldusega ja n\u00f5rgalt happelist mulda (pH5,6-6,5), v\u00f5ib veel kasutada sammas-, siil-, k\u00e4\u00e4bus-, viigi-, n\u00e4sa-, l\u00fclikaktuste, aaloe, agaavi, piimalille, kalanhoe, karneegia ja turdlehe kasvatamiseks.<\/p>","protected":false},"featured_media":8424,"template":"","meta":[],"product_brand":[],"product_cat":[4403,4417],"product_tag":[],"class_list":{"0":"post-8423","1":"product","2":"type-product","3":"status-publish","4":"has-post-thumbnail","6":"product_cat-kodu","7":"product_cat-tarvikud","8":"pa_variatsioon-pruun","9":"pa_variatsioon-sinine","11":"first","12":"outofstock","13":"product-type-variable"},"acf":[],"_links":{"self":[{"href":"https:\/\/dev.garden.ee\/en\/wp-json\/wp\/v2\/product\/8423","targetHints":{"allow":["GET"]}}],"collection":[{"href":"https:\/\/dev.garden.ee\/en\/wp-json\/wp\/v2\/product"}],"about":[{"href":"https:\/\/dev.garden.ee\/en\/wp-json\/wp\/v2\/types\/product"}],"wp:featuredmedia":[{"embeddable":true,"href":"https:\/\/dev.garden.ee\/en\/wp-json\/wp\/v2\/media\/8424"}],"wp:attachment":[{"href":"https:\/\/dev.garden.ee\/en\/wp-json\/wp\/v2\/media?parent=8423"}],"wp:term":[{"taxonomy":"product_brand","embeddable":true,"href":"https:\/\/dev.garden.ee\/en\/wp-json\/wp\/v2\/product_brand?post=8423"},{"taxonomy":"product_cat","embeddable":true,"href":"https:\/\/dev.garden.ee\/en\/wp-json\/wp\/v2\/product_cat?post=8423"},{"taxonomy":"product_tag","embeddable":true,"href":"https:\/\/dev.garden.ee\/en\/wp-json\/wp\/v2\/product_tag?post=8423"}],"curies":[{"name":"wp","href":"https:\/\/api.w.org\/{rel}","templated":true}]}}