{"id":840,"date":"2023-01-18T16:57:54","date_gmt":"2023-01-18T14:57:54","guid":{"rendered":"https:\/\/dev.zezz.ee\/garden\/toode\/aspirin-rose\/"},"modified":"2026-02-03T09:33:54","modified_gmt":"2026-02-03T07:33:54","slug":"aspirin-rose","status":"publish","type":"product","link":"https:\/\/dev.garden.ee\/en\/product\/aspirin-rose\/","title":{"rendered":"Aspirin\u00ae Rose"},"content":{"rendered":"<input class=\"fooboxshare_post_id\" type=\"hidden\" value=\"840\"\/>","protected":false},"excerpt":{"rendered":"<p>V\u00e4ga \u00f5ierikas roosisort, millel keskmised (4-6cm) valged \u00f5ied. K\u00fclmemal perioodil tekib \u00f5itesse aimatav roosa kuma. Tervisest pakatav heleroheline lehestik. P\u00f5\u00f5sal on kergelt kaarduv vorm. \u00dcks tervemaid ja lemmikumaid valgeid v\u00e4ikep\u00f5\u00f5said nii jalgtee \u00e4\u00e4rde kui ka konteineritesse ja avalikele aladele suurema massina.<\/p>\n<p>Auhinnad: Gold Medal Barcelona (Spain 2007), Silver Baden-Baden (Germany), Toprose Den Haag (Netherlands), Bronze (Japan).<\/p>\n<p><span style=\"color: #ff0000;\">ETTETELLIMINE, V\u00c4LJASTAMINE APRILLI TEISEST POOLEST<\/span><\/p>","protected":false},"featured_media":24703,"template":"","meta":[],"product_brand":[],"product_cat":[9637,4415,4413,4416,4402,22],"product_tag":[9418],"class_list":{"0":"post-840","1":"product","2":"type-product","3":"status-publish","4":"has-post-thumbnail","6":"product_cat-istutuskast","7":"product_cat-lilleaed","8":"product_cat-loikelilleaed","9":"product_cat-roosiaed","10":"product_cat-roosid","11":"product_cat-taimed","12":"product_tag-adr-roos","13":"pa_aretus-rosen-tantau","14":"pa_avalikustamisaasta-saksamaa-1997","15":"pa_haiguskindlus-vaga-hea","16":"pa_kasvukorgus-50-80-cm","17":"pa_laius-45-60-cm","18":"pa_lisainfo-mesilaste-lemmik","19":"pa_lisainfo-sobilik-istutuskasti-jaoks","20":"pa_lisainfo-sobib-loikelilleks","21":"pa_lohn-orn","22":"pa_oie-suurus-keskmine","23":"pa_oie-varv-valge","24":"pa_oietuup-pooltaidisois","25":"pa_oitsemine-korduvalt-oitsev","26":"pa_sort-vaikepoosas","27":"pa_talvekindlus-vaga-hea","28":"pa_variatsioon-potis-2l-kevadel","29":"pa_variatsioon-potis-4-6l","31":"first","32":"outofstock","33":"purchasable","34":"product-type-variable"},"acf":[],"_links":{"self":[{"href":"https:\/\/dev.garden.ee\/en\/wp-json\/wp\/v2\/product\/840","targetHints":{"allow":["GET"]}}],"collection":[{"href":"https:\/\/dev.garden.ee\/en\/wp-json\/wp\/v2\/product"}],"about":[{"href":"https:\/\/dev.garden.ee\/en\/wp-json\/wp\/v2\/types\/product"}],"wp:featuredmedia":[{"embeddable":true,"href":"https:\/\/dev.garden.ee\/en\/wp-json\/wp\/v2\/media\/24703"}],"wp:attachment":[{"href":"https:\/\/dev.garden.ee\/en\/wp-json\/wp\/v2\/media?parent=840"}],"wp:term":[{"taxonomy":"product_brand","embeddable":true,"href":"https:\/\/dev.garden.ee\/en\/wp-json\/wp\/v2\/product_brand?post=840"},{"taxonomy":"product_cat","embeddable":true,"href":"https:\/\/dev.garden.ee\/en\/wp-json\/wp\/v2\/product_cat?post=840"},{"taxonomy":"product_tag","embeddable":true,"href":"https:\/\/dev.garden.ee\/en\/wp-json\/wp\/v2\/product_tag?post=840"}],"curies":[{"name":"wp","href":"https:\/\/api.w.org\/{rel}","templated":true}]}}