{"id":8378,"date":"2023-01-18T18:08:35","date_gmt":"2023-01-18T16:08:35","guid":{"rendered":"https:\/\/dev.zezz.ee\/garden\/toode\/ploom-reine-claude-doullins\/"},"modified":"2023-03-16T15:16:30","modified_gmt":"2023-03-16T13:16:30","slug":"ploom-reine-claude-doullins","status":"publish","type":"product","link":"https:\/\/dev.garden.ee\/en\/product\/ploom-reine-claude-doullins\/","title":{"rendered":"Ploom &#8216;Reine Claude D&#8217;Oullins&#8217;"},"content":{"rendered":"<input class=\"fooboxshare_post_id\" type=\"hidden\" value=\"8378\"\/>","protected":false},"excerpt":{"rendered":"<p>\u00dcks varasemaid ploomisorte, on see rohekaskollaseid vilju kandev puu t\u00e4nuv\u00e4\u00e4rne enda kevadise \u00f5iterohkuse ning tulenevalt ka rikkaliku viljumise poolest. Viljaliha on \u00f5rn, m\u00f5\u00f5dukalt mahlane, magus ja aromaatne. Tegemist on kiiresti kasvava, maadligi hoidva puuga. Viljad valmivad augustis.<\/p>\n<p>Ei vaja tolmeldajat, samas on hea tolmeldaja teistele ploomidele.<\/p>","protected":false},"featured_media":8379,"template":"","meta":[],"product_brand":[],"product_cat":[4403,4410,4394,22],"product_tag":[],"class_list":{"0":"post-8378","1":"product","2":"type-product","3":"status-publish","4":"has-post-thumbnail","6":"product_cat-kodu","7":"product_cat-tarbeaed","8":"product_cat-viljad-ja-marjad","9":"product_cat-taimed","10":"pa_aretus-prantsusmaa-sort","11":"pa_haiguskindlus-vaga-hea","12":"pa_moodud-k-3-7-m-l-2-4-m","13":"pa_oitsemise-aeg-mai","14":"pa_variatsioon-poosasvorm-noorem","15":"pa_variatsioon-poosasvorm-vanem","16":"pa_variatsioon-puuvorm","17":"pa_vili-aromaatne","18":"pa_vili-magus","19":"pa_vili-mahlane","20":"pa_vili-pehme-viljaliha","21":"pa_vilja-varvus-roosa","22":"pa_vilja-varvus-rohekaskollane","24":"first","25":"outofstock","26":"purchasable","27":"product-type-variable"},"acf":[],"_links":{"self":[{"href":"https:\/\/dev.garden.ee\/en\/wp-json\/wp\/v2\/product\/8378","targetHints":{"allow":["GET"]}}],"collection":[{"href":"https:\/\/dev.garden.ee\/en\/wp-json\/wp\/v2\/product"}],"about":[{"href":"https:\/\/dev.garden.ee\/en\/wp-json\/wp\/v2\/types\/product"}],"wp:featuredmedia":[{"embeddable":true,"href":"https:\/\/dev.garden.ee\/en\/wp-json\/wp\/v2\/media\/8379"}],"wp:attachment":[{"href":"https:\/\/dev.garden.ee\/en\/wp-json\/wp\/v2\/media?parent=8378"}],"wp:term":[{"taxonomy":"product_brand","embeddable":true,"href":"https:\/\/dev.garden.ee\/en\/wp-json\/wp\/v2\/product_brand?post=8378"},{"taxonomy":"product_cat","embeddable":true,"href":"https:\/\/dev.garden.ee\/en\/wp-json\/wp\/v2\/product_cat?post=8378"},{"taxonomy":"product_tag","embeddable":true,"href":"https:\/\/dev.garden.ee\/en\/wp-json\/wp\/v2\/product_tag?post=8378"}],"curies":[{"name":"wp","href":"https:\/\/api.w.org\/{rel}","templated":true}]}}