{"id":8370,"date":"2023-01-18T18:08:29","date_gmt":"2023-01-18T16:08:29","guid":{"rendered":"https:\/\/dev.zezz.ee\/garden\/toode\/lilium-curitiba\/"},"modified":"2026-01-15T19:57:25","modified_gmt":"2026-01-15T17:57:25","slug":"lilium-curitiba","status":"publish","type":"product","link":"https:\/\/dev.garden.ee\/en\/product\/lilium-curitiba\/","title":{"rendered":"Lilium &#8216;Curitiba&#8217;"},"content":{"rendered":"<input class=\"fooboxshare_post_id\" type=\"hidden\" value=\"8370\"\/>","protected":false},"excerpt":{"rendered":"<p>Tugev ja vastupidav k\u00e4\u00e4busliilia sort, mis, moodustades ligi poole meetrisi kompaktseid \u00f5iem\u00e4ttaid, sobib ideaalseks potitaimeks. Ligi 15 cm l\u00e4bim\u00f5\u00f5duga antiiksetel valgetel \u00f5itel on purpurpunane s\u00fcdamik ning kaarduv leheserv. Kasvuperioodi v\u00e4ltel soovitatav kontrollida, et mullapind pidevalt niiske oleks. Perioodiliselt v\u00e4etada.<\/p>","protected":false},"featured_media":8371,"template":"","meta":[],"product_brand":[],"product_cat":[4403,4415,4413,4401,4391,22],"product_tag":[9450,9417],"class_list":{"0":"post-8370","1":"product","2":"type-product","3":"status-publish","4":"has-post-thumbnail","6":"product_cat-kodu","7":"product_cat-lilleaed","8":"product_cat-loikelilleaed","9":"product_cat-pusikud","10":"product_cat-sibullilled","11":"product_cat-taimed","12":"product_tag-aasia-liilia","13":"product_tag-soodushind-50","14":"pa_haiguskindlus-hea","15":"pa_moodud-k-50-60-cm-l-30-cm","16":"pa_oie-varv-valge","17":"pa_oitsemise-aeg-juuni-august","18":"pa_talvekindlus-hea","19":"pa_variatsioon-sibul-ainult-kevadel","20":"pa_variatsioon-suurem-pott","22":"first","23":"instock","24":"sale","25":"taxable","26":"shipping-taxable","27":"purchasable","28":"product-type-variable"},"acf":[],"_links":{"self":[{"href":"https:\/\/dev.garden.ee\/en\/wp-json\/wp\/v2\/product\/8370","targetHints":{"allow":["GET"]}}],"collection":[{"href":"https:\/\/dev.garden.ee\/en\/wp-json\/wp\/v2\/product"}],"about":[{"href":"https:\/\/dev.garden.ee\/en\/wp-json\/wp\/v2\/types\/product"}],"wp:featuredmedia":[{"embeddable":true,"href":"https:\/\/dev.garden.ee\/en\/wp-json\/wp\/v2\/media\/8371"}],"wp:attachment":[{"href":"https:\/\/dev.garden.ee\/en\/wp-json\/wp\/v2\/media?parent=8370"}],"wp:term":[{"taxonomy":"product_brand","embeddable":true,"href":"https:\/\/dev.garden.ee\/en\/wp-json\/wp\/v2\/product_brand?post=8370"},{"taxonomy":"product_cat","embeddable":true,"href":"https:\/\/dev.garden.ee\/en\/wp-json\/wp\/v2\/product_cat?post=8370"},{"taxonomy":"product_tag","embeddable":true,"href":"https:\/\/dev.garden.ee\/en\/wp-json\/wp\/v2\/product_tag?post=8370"}],"curies":[{"name":"wp","href":"https:\/\/api.w.org\/{rel}","templated":true}]}}