{"id":8355,"date":"2023-01-18T18:08:19","date_gmt":"2023-01-18T16:08:19","guid":{"rendered":"https:\/\/dev.zezz.ee\/garden\/toode\/lilium-beijing-moon\/"},"modified":"2026-01-15T19:46:27","modified_gmt":"2026-01-15T17:46:27","slug":"lilium-beijing-moon","status":"publish","type":"product","link":"https:\/\/dev.garden.ee\/en\/product\/lilium-beijing-moon\/","title":{"rendered":"Lilium &#8216;Beijing Moon&#8217;"},"content":{"rendered":"<input class=\"fooboxshare_post_id\" type=\"hidden\" value=\"8355\"\/>","protected":false},"excerpt":{"rendered":"<p>Muljetavaldavate trompetikujuliste ning mitev\u00e4rviliste suurte rippuvate \u00f5itega liiliasort. \u00d5ie l\u00e4bim\u00f5\u00f5t ulatub 20 cm-ni. Aastatega k\u00f5rgust lisav ning \u00f5iterohke. L\u00f5hn eristatav ja intensiivne.<\/p>","protected":false},"featured_media":8356,"template":"","meta":[],"product_brand":[],"product_cat":[4403,4415,4414,4413,4401,4391,22],"product_tag":[9417,9451],"class_list":{"0":"post-8355","1":"product","2":"type-product","3":"status-publish","4":"has-post-thumbnail","6":"product_cat-kodu","7":"product_cat-lilleaed","8":"product_cat-lohnaaed","9":"product_cat-loikelilleaed","10":"product_cat-pusikud","11":"product_cat-sibullilled","12":"product_cat-taimed","13":"product_tag-soodushind-50","14":"product_tag-trompetliilia","15":"pa_lohn-tugev","16":"pa_moodud-k-120-cm-l-30-cm","17":"pa_oie-varv-roosa","18":"pa_oitsemise-aeg-juuli-august","19":"pa_talvekindlus-vaga-hea","20":"pa_tsoon-z-3-8","21":"pa_variatsioon-sibul-ainult-kevadel","22":"pa_variatsioon-suurem-pott","24":"first","25":"instock","26":"sale","27":"taxable","28":"shipping-taxable","29":"purchasable","30":"product-type-variable"},"acf":[],"_links":{"self":[{"href":"https:\/\/dev.garden.ee\/en\/wp-json\/wp\/v2\/product\/8355","targetHints":{"allow":["GET"]}}],"collection":[{"href":"https:\/\/dev.garden.ee\/en\/wp-json\/wp\/v2\/product"}],"about":[{"href":"https:\/\/dev.garden.ee\/en\/wp-json\/wp\/v2\/types\/product"}],"wp:featuredmedia":[{"embeddable":true,"href":"https:\/\/dev.garden.ee\/en\/wp-json\/wp\/v2\/media\/8356"}],"wp:attachment":[{"href":"https:\/\/dev.garden.ee\/en\/wp-json\/wp\/v2\/media?parent=8355"}],"wp:term":[{"taxonomy":"product_brand","embeddable":true,"href":"https:\/\/dev.garden.ee\/en\/wp-json\/wp\/v2\/product_brand?post=8355"},{"taxonomy":"product_cat","embeddable":true,"href":"https:\/\/dev.garden.ee\/en\/wp-json\/wp\/v2\/product_cat?post=8355"},{"taxonomy":"product_tag","embeddable":true,"href":"https:\/\/dev.garden.ee\/en\/wp-json\/wp\/v2\/product_tag?post=8355"}],"curies":[{"name":"wp","href":"https:\/\/api.w.org\/{rel}","templated":true}]}}