{"id":8256,"date":"2023-01-18T18:07:15","date_gmt":"2023-01-18T16:07:15","guid":{"rendered":"https:\/\/dev.zezz.ee\/garden\/toode\/phlox-divaricata-may-breeze\/"},"modified":"2026-03-05T19:35:47","modified_gmt":"2026-03-05T17:35:47","slug":"phlox-divaricata-may-breeze","status":"publish","type":"product","link":"https:\/\/dev.garden.ee\/en\/product\/phlox-divaricata-may-breeze\/","title":{"rendered":"Phlox divaricata &#8216;May Breeze&#8217;"},"content":{"rendered":"<input class=\"fooboxshare_post_id\" type=\"hidden\" value=\"8256\"\/>","protected":false},"excerpt":{"rendered":"<p>Kompaktne leeklille kultivar, mida tutvustati laiemale ringkonnale Hollandis &#8211; sort on Piet Oudolfi \u00fcks v\u00e4ljavalituid. Oma intensiivse l\u00f5hna ja unikaalse lehev\u00e4rvi t\u00f5ttu on tegemist tunnustusv\u00e4\u00e4rse sordiga. V\u00e4ikesi piigikujuliste lehekestega m\u00e4ttaid moodustav, kannab kevadeti \u00f5rnalt sinised v\u00f5i valjkaid lavendlikarva \u00f5hulisi \u00f5iekobaraid. Tegemist on suurep\u00e4rase valikuga, kui k\u00f5ne alla peaks tulema varjuaed v\u00f5i muu kasvuala, kus tagatud niiske h\u00e4sti vett l\u00e4bi laskev pind ning v\u00e4hemasti osaline vari.<\/p>","protected":false},"featured_media":8257,"template":"","meta":[],"product_brand":[],"product_cat":[4415,6934,9200,4401,22],"product_tag":[],"class_list":{"0":"post-8256","1":"product","2":"type-product","3":"status-publish","4":"has-post-thumbnail","6":"product_cat-lilleaed","7":"product_cat-mesilassobralik-aed","8":"product_cat-pinnakatjad","9":"product_cat-pusikud","10":"product_cat-taimed","11":"pa_haiguskindlus-hea","12":"pa_lohn-tugev","13":"pa_moodud-k-20-30-cm-l-20-30-cm","14":"pa_oie-varv-valge","15":"pa_oitsemise-aeg-mai-juuni","16":"pa_talvekindlus-vaga-hea","17":"pa_tsoon-4-8","18":"pa_variatsioon-suurem-pott","19":"pa_variatsioon-vaiksem-pott","21":"first","22":"outofstock","23":"purchasable","24":"product-type-variable"},"acf":[],"_links":{"self":[{"href":"https:\/\/dev.garden.ee\/en\/wp-json\/wp\/v2\/product\/8256","targetHints":{"allow":["GET"]}}],"collection":[{"href":"https:\/\/dev.garden.ee\/en\/wp-json\/wp\/v2\/product"}],"about":[{"href":"https:\/\/dev.garden.ee\/en\/wp-json\/wp\/v2\/types\/product"}],"wp:featuredmedia":[{"embeddable":true,"href":"https:\/\/dev.garden.ee\/en\/wp-json\/wp\/v2\/media\/8257"}],"wp:attachment":[{"href":"https:\/\/dev.garden.ee\/en\/wp-json\/wp\/v2\/media?parent=8256"}],"wp:term":[{"taxonomy":"product_brand","embeddable":true,"href":"https:\/\/dev.garden.ee\/en\/wp-json\/wp\/v2\/product_brand?post=8256"},{"taxonomy":"product_cat","embeddable":true,"href":"https:\/\/dev.garden.ee\/en\/wp-json\/wp\/v2\/product_cat?post=8256"},{"taxonomy":"product_tag","embeddable":true,"href":"https:\/\/dev.garden.ee\/en\/wp-json\/wp\/v2\/product_tag?post=8256"}],"curies":[{"name":"wp","href":"https:\/\/api.w.org\/{rel}","templated":true}]}}