{"id":825,"date":"2023-01-18T16:57:46","date_gmt":"2023-01-18T14:57:46","guid":{"rendered":"https:\/\/dev.zezz.ee\/garden\/toode\/hot-cocoa-hot-chocolate\/"},"modified":"2026-02-04T17:02:23","modified_gmt":"2026-02-04T15:02:23","slug":"hot-chocolate-hot-cocoa","status":"publish","type":"product","link":"https:\/\/dev.garden.ee\/en\/product\/hot-chocolate-hot-cocoa\/","title":{"rendered":"Hot Chocolate\u00ae \/ Hot Cocoa\u00ae"},"content":{"rendered":"<input class=\"fooboxshare_post_id\" type=\"hidden\" value=\"825\"\/>","protected":false},"excerpt":{"rendered":"<p data-start=\"0\" data-end=\"230\">Erakordse ja ainulaadse v\u00e4rviga roos, mille lainelised kroonlehed on punakaspruunid \u2013 jahedamas kliimas kastanpruunid, soojemas aga punakas-virsikutooniga. Pruunide rooside seas praktiliselt konkurentsitu sort. Terava tipuga pungadest avanevad \u00f5ied on\u00a0t\u00e4idis\u00f5ielised ja kausjad, l\u00e4bim\u00f5\u00f5duga 7\u00a0cm, koosnedes 25\u201330 kroonlehest. \u00d5itsevad v\u00e4ikestes kobarates, on l\u00f5hnavad, andes\u00a0suurep\u00e4rast puuviljast aroomi. V\u00e4iksemate gruppidena paiknevad \u00f5ied on hea vihmakindlusega ja peavad h\u00e4sti vastu kuumusele. L\u00e4ikiv, tumeroheline lehestik on v\u00e4ga hea haiguskindlusega. P\u00f5\u00f5sas on p\u00fcstise kasvukujuga.<\/p>\n<p>Auhind: AARS (All-America Rose Selections) 2003 aastal.<\/p>","protected":false},"featured_media":24815,"template":"","meta":[],"product_brand":[],"product_cat":[9637,4415,4413,9550,4416,4402,22],"product_tag":[],"class_list":{"0":"post-825","1":"product","2":"type-product","3":"status-publish","4":"has-post-thumbnail","6":"product_cat-istutuskast","7":"product_cat-lilleaed","8":"product_cat-loikelilleaed","9":"product_cat-rodu-ja-terrass","10":"product_cat-roosiaed","11":"product_cat-roosid","12":"product_cat-taimed","13":"pa_aretus-tom-carruth","14":"pa_avalikustamisaasta-ameerika-uhendriigid-2001","15":"pa_haiguskindlus-vaga-hea","16":"pa_laius-60-cm","17":"pa_lisainfo-sobilik-istutuskasti-jaoks","18":"pa_lisainfo-sobib-loikelilleks","19":"pa_lohn-keskmine","20":"pa_oie-suurus-keskmine","21":"pa_oie-varv-punane","22":"pa_oie-varv-pruun","23":"pa_oietuup-taidisois","24":"pa_oitsemine-korduvalt-oitsev","25":"pa_sort-floribund-ehk-paljuoieline-roos","26":"pa_taimede-arvestus-ruutmeetri-3-4","27":"pa_talvekindlus-vaga-hea","28":"pa_variatsioon-paljasjuurne-ainult-kevadel","29":"pa_variatsioon-potis-4-6l","30":"pa_variatsioon-potis-4-6l-suvel-ja-sugisel","32":"first","33":"outofstock","34":"purchasable","35":"product-type-variable"},"acf":[],"_links":{"self":[{"href":"https:\/\/dev.garden.ee\/en\/wp-json\/wp\/v2\/product\/825","targetHints":{"allow":["GET"]}}],"collection":[{"href":"https:\/\/dev.garden.ee\/en\/wp-json\/wp\/v2\/product"}],"about":[{"href":"https:\/\/dev.garden.ee\/en\/wp-json\/wp\/v2\/types\/product"}],"wp:featuredmedia":[{"embeddable":true,"href":"https:\/\/dev.garden.ee\/en\/wp-json\/wp\/v2\/media\/24815"}],"wp:attachment":[{"href":"https:\/\/dev.garden.ee\/en\/wp-json\/wp\/v2\/media?parent=825"}],"wp:term":[{"taxonomy":"product_brand","embeddable":true,"href":"https:\/\/dev.garden.ee\/en\/wp-json\/wp\/v2\/product_brand?post=825"},{"taxonomy":"product_cat","embeddable":true,"href":"https:\/\/dev.garden.ee\/en\/wp-json\/wp\/v2\/product_cat?post=825"},{"taxonomy":"product_tag","embeddable":true,"href":"https:\/\/dev.garden.ee\/en\/wp-json\/wp\/v2\/product_tag?post=825"}],"curies":[{"name":"wp","href":"https:\/\/api.w.org\/{rel}","templated":true}]}}