{"id":8246,"date":"2023-01-18T18:07:10","date_gmt":"2023-01-18T16:07:10","guid":{"rendered":"https:\/\/dev.zezz.ee\/garden\/toode\/phlox-subulata-red-wing\/"},"modified":"2026-03-06T12:29:41","modified_gmt":"2026-03-06T10:29:41","slug":"phlox-subulata-red-wing","status":"publish","type":"product","link":"https:\/\/dev.garden.ee\/en\/product\/phlox-subulata-red-wing\/","title":{"rendered":"Phlox subulata &#8216;Red Wing&#8217;"},"content":{"rendered":"<input class=\"fooboxshare_post_id\" type=\"hidden\" value=\"8246\"\/>","protected":false},"excerpt":{"rendered":"<p>P\u00e4lvinud kuningliku aiandusseltsi\u00a0<em>Royal Horticultural Society<\/em>\u00a0tunnustuse <em>Award ofGarden Merit.\u00a0<\/em>Tegemist on silmatorkavalt eredate \u00f5itega leeklillesordiga, mille roomavalt madal kasvuvorm sellest kauni pinnakatja teeb. Taim ei kasva k\u00f5rgemaks kui 15 cm. On kiire levikuga. \u00d5ied p\u00fcsivad peal kolm kuni neli n\u00e4dalat, andes toodud perioodiks valitud alale tohutu efekti. Suurep\u00e4rane valik kaunistamaks kiviktaimlaid, teeservasid, peenarde \u00e4\u00e4ri. Armastab p\u00e4ikest ja huumusrikast, keskmiselt niisket, hea drenaa\u017eiga mulda. Kohandub ka kerges varjus. P\u00f5uakindel, talub ka soola. Loob imeilusa efekti, kui planeerida kokku tulpide v\u00f5i nartsissidega &#8211; liblikate kohalemeelitaja. Uute lehtede tuleku ergutuseks v\u00f5iks p\u00e4rast \u00f5itsemist taime veidi tagasi l\u00f5igata &#8211; tagab lisaks ka suurema \u00f5iterohkuse j\u00e4rgnevaks aastaks.<\/p>","protected":false},"featured_media":25918,"template":"","meta":[],"product_brand":[],"product_cat":[9637,9503,4415,6934,9200,4401,22],"product_tag":[9209],"class_list":{"0":"post-8246","1":"product","2":"type-product","3":"status-publish","4":"has-post-thumbnail","6":"product_cat-istutuskast","7":"product_cat-kiviktaimla","8":"product_cat-lilleaed","9":"product_cat-mesilassobralik-aed","10":"product_cat-pinnakatjad","11":"product_cat-pusikud","12":"product_cat-taimed","13":"product_tag-rhs-award-of-garden-merit","14":"pa_haiguskindlus-hea","15":"pa_lohn-tugev","16":"pa_moodud-k-10-15-cm-l-30-45-cm","17":"pa_oie-varv-roosa","18":"pa_oitsemise-aeg-mai-juuni","19":"pa_talvekindlus-vaga-hea","20":"pa_tsoon-2-9","21":"pa_variatsioon-suurem-pott","22":"pa_variatsioon-vaiksem-pott","24":"first","25":"outofstock","26":"purchasable","27":"product-type-variable"},"acf":[],"_links":{"self":[{"href":"https:\/\/dev.garden.ee\/en\/wp-json\/wp\/v2\/product\/8246","targetHints":{"allow":["GET"]}}],"collection":[{"href":"https:\/\/dev.garden.ee\/en\/wp-json\/wp\/v2\/product"}],"about":[{"href":"https:\/\/dev.garden.ee\/en\/wp-json\/wp\/v2\/types\/product"}],"wp:featuredmedia":[{"embeddable":true,"href":"https:\/\/dev.garden.ee\/en\/wp-json\/wp\/v2\/media\/25918"}],"wp:attachment":[{"href":"https:\/\/dev.garden.ee\/en\/wp-json\/wp\/v2\/media?parent=8246"}],"wp:term":[{"taxonomy":"product_brand","embeddable":true,"href":"https:\/\/dev.garden.ee\/en\/wp-json\/wp\/v2\/product_brand?post=8246"},{"taxonomy":"product_cat","embeddable":true,"href":"https:\/\/dev.garden.ee\/en\/wp-json\/wp\/v2\/product_cat?post=8246"},{"taxonomy":"product_tag","embeddable":true,"href":"https:\/\/dev.garden.ee\/en\/wp-json\/wp\/v2\/product_tag?post=8246"}],"curies":[{"name":"wp","href":"https:\/\/api.w.org\/{rel}","templated":true}]}}