{"id":8238,"date":"2023-01-18T18:07:04","date_gmt":"2023-01-18T16:07:04","guid":{"rendered":"https:\/\/dev.zezz.ee\/garden\/toode\/phuopsis-stylosa\/"},"modified":"2026-03-06T12:40:35","modified_gmt":"2026-03-06T10:40:35","slug":"phuopsis-stylosa","status":"publish","type":"product","link":"https:\/\/dev.garden.ee\/en\/product\/phuopsis-stylosa\/","title":{"rendered":"Phuopsis stylosa"},"content":{"rendered":"<input class=\"fooboxshare_post_id\" type=\"hidden\" value=\"8238\"\/>","protected":false},"excerpt":{"rendered":"<p>Hea pinnakatja p\u00e4ikeselistele kuni poolvarjulistele aladele. Peenelt jaotunud aromaatsed lehed moodustavad roomavatel v\u00f5sudel kiirelt levivad m\u00e4ttad, mis suveks n\u00f6\u00f6pn\u00f5elataoliste \u00f5ievartega kattuvad. Laugutaolised \u00f5iekobarad on roosakaslillad, meelitavad edukalt tolmendajaid. Kuigi taim eelistab pidevniisket pinnast, kannatab see h\u00e4sti p\u00f5uda, on haigus- ja talvekindel. Pehmemate ilmade puhul igihaljas. Kiire levikuga. P\u00e4rast \u00f5itsemist soovitatav \u00f5ievarred ning lehestik pisut tagasi l\u00f5igata, v\u00e4ltides sellega liigset seemendumist.<\/p>","protected":false},"featured_media":8239,"template":"","meta":[],"product_brand":[],"product_cat":[4415,4401,22],"product_tag":[],"class_list":{"0":"post-8238","1":"product","2":"type-product","3":"status-publish","4":"has-post-thumbnail","6":"product_cat-lilleaed","7":"product_cat-pusikud","8":"product_cat-taimed","9":"pa_haiguskindlus-vaga-hea","10":"pa_lohn-lohnav","11":"pa_moodud-k-10-50-cm-l-10-50-cm","12":"pa_oie-varv-roosa","13":"pa_oitsemise-aeg-juuni-august","14":"pa_talvekindlus-vaga-hea","15":"pa_tsoon-z-5-9","16":"pa_variatsioon-suurem-pott","17":"pa_variatsioon-vaiksem-pott","19":"first","20":"outofstock","21":"purchasable","22":"product-type-variable"},"acf":[],"_links":{"self":[{"href":"https:\/\/dev.garden.ee\/en\/wp-json\/wp\/v2\/product\/8238","targetHints":{"allow":["GET"]}}],"collection":[{"href":"https:\/\/dev.garden.ee\/en\/wp-json\/wp\/v2\/product"}],"about":[{"href":"https:\/\/dev.garden.ee\/en\/wp-json\/wp\/v2\/types\/product"}],"wp:featuredmedia":[{"embeddable":true,"href":"https:\/\/dev.garden.ee\/en\/wp-json\/wp\/v2\/media\/8239"}],"wp:attachment":[{"href":"https:\/\/dev.garden.ee\/en\/wp-json\/wp\/v2\/media?parent=8238"}],"wp:term":[{"taxonomy":"product_brand","embeddable":true,"href":"https:\/\/dev.garden.ee\/en\/wp-json\/wp\/v2\/product_brand?post=8238"},{"taxonomy":"product_cat","embeddable":true,"href":"https:\/\/dev.garden.ee\/en\/wp-json\/wp\/v2\/product_cat?post=8238"},{"taxonomy":"product_tag","embeddable":true,"href":"https:\/\/dev.garden.ee\/en\/wp-json\/wp\/v2\/product_tag?post=8238"}],"curies":[{"name":"wp","href":"https:\/\/api.w.org\/{rel}","templated":true}]}}