{"id":8199,"date":"2023-01-18T18:06:38","date_gmt":"2023-01-18T16:06:38","guid":{"rendered":"https:\/\/dev.zezz.ee\/garden\/toode\/nepeta-kit-kat\/"},"modified":"2026-03-03T21:05:59","modified_gmt":"2026-03-03T19:05:59","slug":"nepeta-kit-kat","status":"publish","type":"product","link":"https:\/\/dev.garden.ee\/en\/product\/nepeta-kit-kat\/","title":{"rendered":"Nepeta x faassenii &#8216;Kit Kat&#8217;"},"content":{"rendered":"<input class=\"fooboxshare_post_id\" type=\"hidden\" value=\"8199\"\/>","protected":false},"excerpt":{"rendered":"<p>Naisten\u00f5gese levinumast vormist kompaktsem kaua\u00f5itsev sort. Sinakaslillad pisikesed \u00fcle puhma tihedalt asetunud \u00f5ied p\u00fcsivad taimel terve suve v\u00e4ltel ja kestavad s\u00fcgiseni. Purpursed \u00f5ievarred. Teistkordne \u00f5itsemine saavutatav, kui esimesed \u00f5ievarred p\u00e4rast \u00f5itsemist tagasi l\u00f5igata. S\u00fcgisel tagasi l\u00f5igata kogu taim, tagamaks j\u00f5ulisem kasv ning ilusam puhmas.<\/p>","protected":false},"featured_media":8200,"template":"","meta":[],"product_brand":[],"product_cat":[4415,4414,4413,6934,4401,22],"product_tag":[],"class_list":{"0":"post-8199","1":"product","2":"type-product","3":"status-publish","4":"has-post-thumbnail","6":"product_cat-lilleaed","7":"product_cat-lohnaaed","8":"product_cat-loikelilleaed","9":"product_cat-mesilassobralik-aed","10":"product_cat-pusikud","11":"product_cat-taimed","12":"pa_haiguskindlus-vaga-hea","13":"pa_moodud-k-30-45-cm-l-30-40-cm","14":"pa_oie-varv-sinine","15":"pa_oitsemise-aeg-juuni-september","16":"pa_talvekindlus-vaga-hea","17":"pa_variatsioon-suurem-pott","18":"pa_variatsioon-vaiksem-pott","20":"first","21":"outofstock","22":"purchasable","23":"product-type-variable"},"acf":[],"_links":{"self":[{"href":"https:\/\/dev.garden.ee\/en\/wp-json\/wp\/v2\/product\/8199","targetHints":{"allow":["GET"]}}],"collection":[{"href":"https:\/\/dev.garden.ee\/en\/wp-json\/wp\/v2\/product"}],"about":[{"href":"https:\/\/dev.garden.ee\/en\/wp-json\/wp\/v2\/types\/product"}],"wp:featuredmedia":[{"embeddable":true,"href":"https:\/\/dev.garden.ee\/en\/wp-json\/wp\/v2\/media\/8200"}],"wp:attachment":[{"href":"https:\/\/dev.garden.ee\/en\/wp-json\/wp\/v2\/media?parent=8199"}],"wp:term":[{"taxonomy":"product_brand","embeddable":true,"href":"https:\/\/dev.garden.ee\/en\/wp-json\/wp\/v2\/product_brand?post=8199"},{"taxonomy":"product_cat","embeddable":true,"href":"https:\/\/dev.garden.ee\/en\/wp-json\/wp\/v2\/product_cat?post=8199"},{"taxonomy":"product_tag","embeddable":true,"href":"https:\/\/dev.garden.ee\/en\/wp-json\/wp\/v2\/product_tag?post=8199"}],"curies":[{"name":"wp","href":"https:\/\/api.w.org\/{rel}","templated":true}]}}