{"id":8194,"date":"2023-01-18T18:06:36","date_gmt":"2023-01-18T16:06:36","guid":{"rendered":"https:\/\/dev.zezz.ee\/garden\/toode\/hemerocallis-pink-damask\/"},"modified":"2026-02-25T18:19:13","modified_gmt":"2026-02-25T16:19:13","slug":"hemerocallis-pink-damask","status":"publish","type":"product","link":"https:\/\/dev.garden.ee\/en\/product\/hemerocallis-pink-damask\/","title":{"rendered":"Hemerocallis &#8216;Pink Damask&#8217;"},"content":{"rendered":"<input class=\"fooboxshare_post_id\" type=\"hidden\" value=\"8194\"\/>","protected":false},"excerpt":{"rendered":"<p>Atraktiivsete \u00f5itega, p\u00f5ua- ja kuumuskindel ning hoolduvaba, on k\u00f5nealune p\u00e4evaliilia peaaegu ideaalne dekoratiivp\u00fcsik. Kesksuvest kuni s\u00fcgiseni \u00f5itsev taim moodustab kuni 60 cm k\u00f5rgusi l\u00e4ikivate heleroheliste lineaalsete lehtedega klumpe, millede kohale k\u00f5rguvad ligi meetrini ulatuvad \u00f5ievarred. \u00d5ied on roosad, kitsaste v\u00e4ljapoole kaarduvate kroonlehtede ning kuldse s\u00fcdamikuga. Aeglaset risoomist paljunev lill sobib h\u00e4sti kombineerituna teiste \u00f5itsvate taimedega. Kuigi v\u00e4hen\u00f5udlik nii pinnase, kui ka valguse osas, kasvab k\u00f5ige kaunimalt parajalt niiskes ja keskmiselt viljakas pinnas, p\u00e4ikeselisel kasvukohal.<\/p>\n<p>P\u00e4lvinud Ameerika P\u00e4evaliiliate Seltsi (<em>Americal Hemerocallis Sociation<\/em>) 1954. aasta tunnustuse <em>Honorable Mention<\/em>. Kuningliku Aiandusseltsi (<em>Royal Horticultural Society<\/em>) tunnustuse\u00a0<em>Award of Garden Merit\u00a0 <\/em>aastal 1957.<\/p>","protected":false},"featured_media":24034,"template":"","meta":[],"product_brand":[],"product_cat":[4415,4401,4409,4392,22],"product_tag":[9209],"class_list":{"0":"post-8194","1":"product","2":"type-product","3":"status-publish","4":"has-post-thumbnail","6":"product_cat-lilleaed","7":"product_cat-pusikud","8":"product_cat-tiigiaed","9":"product_cat-tiigitaimed","10":"product_cat-taimed","11":"product_tag-rhs-award-of-garden-merit","12":"pa_haiguskindlus-vaga-hea","13":"pa_moodud-k-60-90-cm-l-60-90-cm","14":"pa_oie-varv-roosa","15":"pa_oitsemise-aeg-juuli-august","16":"pa_talvekindlus-vaga-hea","17":"pa_tsoon-z-3-9","18":"pa_variatsioon-suurem-pott","19":"pa_variatsioon-vaiksem-pott","21":"first","22":"instock","23":"purchasable","24":"product-type-variable"},"acf":[],"_links":{"self":[{"href":"https:\/\/dev.garden.ee\/en\/wp-json\/wp\/v2\/product\/8194","targetHints":{"allow":["GET"]}}],"collection":[{"href":"https:\/\/dev.garden.ee\/en\/wp-json\/wp\/v2\/product"}],"about":[{"href":"https:\/\/dev.garden.ee\/en\/wp-json\/wp\/v2\/types\/product"}],"wp:featuredmedia":[{"embeddable":true,"href":"https:\/\/dev.garden.ee\/en\/wp-json\/wp\/v2\/media\/24034"}],"wp:attachment":[{"href":"https:\/\/dev.garden.ee\/en\/wp-json\/wp\/v2\/media?parent=8194"}],"wp:term":[{"taxonomy":"product_brand","embeddable":true,"href":"https:\/\/dev.garden.ee\/en\/wp-json\/wp\/v2\/product_brand?post=8194"},{"taxonomy":"product_cat","embeddable":true,"href":"https:\/\/dev.garden.ee\/en\/wp-json\/wp\/v2\/product_cat?post=8194"},{"taxonomy":"product_tag","embeddable":true,"href":"https:\/\/dev.garden.ee\/en\/wp-json\/wp\/v2\/product_tag?post=8194"}],"curies":[{"name":"wp","href":"https:\/\/api.w.org\/{rel}","templated":true}]}}