{"id":8178,"date":"2023-01-18T18:06:27","date_gmt":"2023-01-18T16:06:27","guid":{"rendered":"https:\/\/dev.zezz.ee\/garden\/toode\/eryngium-planum-blue-hobbit\/"},"modified":"2026-02-23T21:14:36","modified_gmt":"2026-02-23T19:14:36","slug":"eryngium-planum-blue-hobbit","status":"publish","type":"product","link":"https:\/\/dev.garden.ee\/en\/product\/eryngium-planum-blue-hobbit\/","title":{"rendered":"Eryngium planum &#8216;Blue Hobbit&#8217;"},"content":{"rendered":"<input class=\"fooboxshare_post_id\" type=\"hidden\" value=\"8178\"\/>","protected":false},"excerpt":{"rendered":"<p>Kompaktse kasvukuju poolest tunnustatud ogaputk. Pisikesi lillakas-siniseid \u00f5isi ning neist tihedaid ning madalaid kuni poole meetrisi klumpe moodustav taim on ornamentne ning vastupidav igausugusel p\u00e4ikeselisel ning kuivemapoolses pinnases kasvades. P\u00f5liselt merede kallastel vohav taim on soola- ning p\u00f5uatolerantne. Tiheda tekstuuriga lehed on h\u00f5bedad kuni sinakad, \u00f5ievarred paiknevad viimastest moodustunud madalal rosetil. Pika \u00f5itsemisaja t\u00f5ttu v\u00e4ga t\u00e4nuv\u00e4\u00e4rne peenrakaunistus. Pikaealine ja vastupidav.<\/p>","protected":false},"featured_media":23725,"template":"","meta":[],"product_brand":[],"product_cat":[4407,4415,4413,6934,4401,22],"product_tag":[],"class_list":{"0":"post-8178","1":"product","2":"type-product","3":"status-publish","4":"has-post-thumbnail","6":"product_cat-aasad","7":"product_cat-lilleaed","8":"product_cat-loikelilleaed","9":"product_cat-mesilassobralik-aed","10":"product_cat-pusikud","11":"product_cat-taimed","12":"pa_kasvukorgus-20-30-cm","13":"pa_laius-15-30-cm","14":"pa_lisainfo-mesilaste-lemmik","15":"pa_lisainfo-sobib-loikelilleks","16":"pa_lisainfo-talub-ka-tuulisemat-kasvukohta","17":"pa_lisainfo-talub-pouda","18":"pa_lisainfo-talub-soola","19":"pa_oie-varv-sinine","20":"pa_oitsemise-aeg-juuni-september","21":"pa_tingimused-hea-drenaaz","22":"pa_tingimused-kuiv","23":"pa_tingimused-liivane","24":"pa_tsoon-4-8","25":"pa_valguse-tingimused-paike","26":"pa_variatsioon-suurem-pott","27":"pa_variatsioon-vaiksem-pott","29":"first","30":"instock","31":"purchasable","32":"product-type-variable"},"acf":[],"_links":{"self":[{"href":"https:\/\/dev.garden.ee\/en\/wp-json\/wp\/v2\/product\/8178","targetHints":{"allow":["GET"]}}],"collection":[{"href":"https:\/\/dev.garden.ee\/en\/wp-json\/wp\/v2\/product"}],"about":[{"href":"https:\/\/dev.garden.ee\/en\/wp-json\/wp\/v2\/types\/product"}],"wp:featuredmedia":[{"embeddable":true,"href":"https:\/\/dev.garden.ee\/en\/wp-json\/wp\/v2\/media\/23725"}],"wp:attachment":[{"href":"https:\/\/dev.garden.ee\/en\/wp-json\/wp\/v2\/media?parent=8178"}],"wp:term":[{"taxonomy":"product_brand","embeddable":true,"href":"https:\/\/dev.garden.ee\/en\/wp-json\/wp\/v2\/product_brand?post=8178"},{"taxonomy":"product_cat","embeddable":true,"href":"https:\/\/dev.garden.ee\/en\/wp-json\/wp\/v2\/product_cat?post=8178"},{"taxonomy":"product_tag","embeddable":true,"href":"https:\/\/dev.garden.ee\/en\/wp-json\/wp\/v2\/product_tag?post=8178"}],"curies":[{"name":"wp","href":"https:\/\/api.w.org\/{rel}","templated":true}]}}