{"id":8173,"date":"2023-01-18T18:06:24","date_gmt":"2023-01-18T16:06:24","guid":{"rendered":"https:\/\/dev.zezz.ee\/garden\/toode\/digitalis-purpurea-suttons-apricot\/"},"modified":"2026-02-21T21:42:33","modified_gmt":"2026-02-21T19:42:33","slug":"digitalis-purpurea-suttons-apricot","status":"publish","type":"product","link":"https:\/\/dev.garden.ee\/en\/product\/digitalis-purpurea-suttons-apricot\/","title":{"rendered":"Digitalis purpurea &#8216;Sutton&#8217;s Apricot&#8217;"},"content":{"rendered":"<input class=\"fooboxshare_post_id\" type=\"hidden\" value=\"8173\"\/>","protected":false},"excerpt":{"rendered":"<p>Tuntud oma rikkalike torujate \u00f5itega \u00f5iet\u00f5rvikute poolest, on seegi vereva s\u00f5brk\u00fcbara sort tubli \u00f5itseja. Aprikoosikarva, kohati roosad kuni kreemjad \u00f5ied kaunistavad taime juunist juulini. \u00d5ied on atraktiivsed, pruunikate s\u00fcdamikega ja meelitavad ligi mesilasi. P\u00e4rast \u00f5itsemist kasulik \u00f5ievarred tagasi l\u00f5igata &#8211; see ergutab k\u00fclgv\u00f5sude kasvu. Iga-aastase kasvuj\u00f5u tagamiseks on soovitatav kevadeti lehe- v\u00f5i muu orgaanilise aine rohke mult\u0161iga pinda 5-7 cm kihina rikastada. Tegemist on kaheaastase taimega, kuid seemendub kergesti ning annab j\u00f5udsasti lisav\u00f5susid.<\/p>","protected":false},"featured_media":23491,"template":"","meta":[],"product_brand":[],"product_cat":[4407,4415,6934,4401,22],"product_tag":[],"class_list":{"0":"post-8173","1":"product","2":"type-product","3":"status-publish","4":"has-post-thumbnail","6":"product_cat-aasad","7":"product_cat-lilleaed","8":"product_cat-mesilassobralik-aed","9":"product_cat-pusikud","10":"product_cat-taimed","11":"pa_kasvukorgus-120-cm","12":"pa_laius-60-cm","13":"pa_lisainfo-mesilaste-lemmik","14":"pa_lisainfo-sobib-osalise-varjuga-kasvualale","15":"pa_lisainfo-vajab-tuulte-eest-varju","16":"pa_oie-varv-aprikoosiroosa","17":"pa_oitsemise-aeg-juuni-juuli","18":"pa_talvekindlus-vaga-hea","19":"pa_tingimused-hea-drenaaz","20":"pa_tingimused-huumusrikas","21":"pa_tingimused-niiske","22":"pa_valguse-tingimused-paike","23":"pa_valguse-tingimused-poolvari","24":"pa_variatsioon-suurem-pott","25":"pa_variatsioon-vaiksem-pott","27":"first","28":"onbackorder","29":"purchasable","30":"product-type-variable"},"acf":[],"_links":{"self":[{"href":"https:\/\/dev.garden.ee\/en\/wp-json\/wp\/v2\/product\/8173","targetHints":{"allow":["GET"]}}],"collection":[{"href":"https:\/\/dev.garden.ee\/en\/wp-json\/wp\/v2\/product"}],"about":[{"href":"https:\/\/dev.garden.ee\/en\/wp-json\/wp\/v2\/types\/product"}],"wp:featuredmedia":[{"embeddable":true,"href":"https:\/\/dev.garden.ee\/en\/wp-json\/wp\/v2\/media\/23491"}],"wp:attachment":[{"href":"https:\/\/dev.garden.ee\/en\/wp-json\/wp\/v2\/media?parent=8173"}],"wp:term":[{"taxonomy":"product_brand","embeddable":true,"href":"https:\/\/dev.garden.ee\/en\/wp-json\/wp\/v2\/product_brand?post=8173"},{"taxonomy":"product_cat","embeddable":true,"href":"https:\/\/dev.garden.ee\/en\/wp-json\/wp\/v2\/product_cat?post=8173"},{"taxonomy":"product_tag","embeddable":true,"href":"https:\/\/dev.garden.ee\/en\/wp-json\/wp\/v2\/product_tag?post=8173"}],"curies":[{"name":"wp","href":"https:\/\/api.w.org\/{rel}","templated":true}]}}