{"id":817,"date":"2023-01-18T16:57:39","date_gmt":"2023-01-18T14:57:39","guid":{"rendered":"https:\/\/dev.zezz.ee\/garden\/toode\/aquilegia-vulgaris-black-barlow\/"},"modified":"2026-02-16T20:03:59","modified_gmt":"2026-02-16T18:03:59","slug":"aquilegia-vulgaris-black-barlow","status":"publish","type":"product","link":"https:\/\/dev.garden.ee\/en\/product\/aquilegia-vulgaris-black-barlow\/","title":{"rendered":"Aquilegia vulgaris &#8216;Black Barlow&#8217;"},"content":{"rendered":"<input class=\"fooboxshare_post_id\" type=\"hidden\" value=\"817\"\/>","protected":false},"excerpt":{"rendered":"<p>Tumeda\u00f5ieline kurekell juba oskab silma paista. N\u00f5rgalt aromaatsed \u00f5ied toob esile hallikasroheline lehestik. Keskaegsetel maalidel kujutati kurekellasid tihti, kuna nad s\u00fcmboliseerisid rahutuvi. Kaunis kevadekuulutaja m\u00f5jub eriti lummavalt, kui saab omale kasvukohaks pisut varjulisema kasvuala.\u00a0Taime on v\u00e4ge lihtne kasvatada ning sobib suurep\u00e4raselt ka l\u00f5ikelilleks.<\/p>","protected":false},"featured_media":818,"template":"","meta":[],"product_brand":[],"product_cat":[4415,4413,4406,4401,4412,22],"product_tag":[],"class_list":{"0":"post-817","1":"product","2":"type-product","3":"status-publish","4":"has-post-thumbnail","6":"product_cat-lilleaed","7":"product_cat-loikelilleaed","8":"product_cat-park","9":"product_cat-pusikud","10":"product_cat-varjuaed","11":"product_cat-taimed","12":"pa_kasvukorgus-80-cm","13":"pa_laius-45-cm","14":"pa_lisainfo-sobib-osalise-varjuga-kasvualale","15":"pa_oie-varv-mustjaslilla","16":"pa_oitsemise-aeg-mai-juuni","17":"pa_talvekindlus-vaga-hea","18":"pa_tingimused-parasniiske","19":"pa_tsoon-3-9","20":"pa_valguse-tingimused-paike","21":"pa_valguse-tingimused-poolvari","22":"pa_variatsioon-suurem-pott","23":"pa_variatsioon-vaiksem-pott","25":"first","26":"onbackorder","27":"purchasable","28":"product-type-variable"},"acf":[],"_links":{"self":[{"href":"https:\/\/dev.garden.ee\/en\/wp-json\/wp\/v2\/product\/817","targetHints":{"allow":["GET"]}}],"collection":[{"href":"https:\/\/dev.garden.ee\/en\/wp-json\/wp\/v2\/product"}],"about":[{"href":"https:\/\/dev.garden.ee\/en\/wp-json\/wp\/v2\/types\/product"}],"wp:featuredmedia":[{"embeddable":true,"href":"https:\/\/dev.garden.ee\/en\/wp-json\/wp\/v2\/media\/818"}],"wp:attachment":[{"href":"https:\/\/dev.garden.ee\/en\/wp-json\/wp\/v2\/media?parent=817"}],"wp:term":[{"taxonomy":"product_brand","embeddable":true,"href":"https:\/\/dev.garden.ee\/en\/wp-json\/wp\/v2\/product_brand?post=817"},{"taxonomy":"product_cat","embeddable":true,"href":"https:\/\/dev.garden.ee\/en\/wp-json\/wp\/v2\/product_cat?post=817"},{"taxonomy":"product_tag","embeddable":true,"href":"https:\/\/dev.garden.ee\/en\/wp-json\/wp\/v2\/product_tag?post=817"}],"curies":[{"name":"wp","href":"https:\/\/api.w.org\/{rel}","templated":true}]}}