{"id":8159,"date":"2023-01-18T18:06:16","date_gmt":"2023-01-18T16:06:16","guid":{"rendered":"https:\/\/dev.zezz.ee\/garden\/toode\/aquilegia-vulgaris-altrosa\/"},"modified":"2026-02-16T20:15:55","modified_gmt":"2026-02-16T18:15:55","slug":"aquilegia-vulgaris-altrosa","status":"publish","type":"product","link":"https:\/\/dev.garden.ee\/en\/product\/aquilegia-vulgaris-altrosa\/","title":{"rendered":"Aquilegia vulgaris &#8216;Altrosa&#8217; \/ &#8216;Heidi&#8217;"},"content":{"rendered":"<input class=\"fooboxshare_post_id\" type=\"hidden\" value=\"8159\"\/>","protected":false},"excerpt":{"rendered":"<p>P\u00fcstise keskmiselt k\u00f5rge kasvuga kauneid ning kompaktseid klumpe moodustav kurereha sort. Erilise kujuga \u00f5ied on heleroosad ning v\u00e4rvuvad suve jooksul intensiivsemalt. Lehestik tumeroheline, jagune. Taim on sobilik valik pea igasse aeda, kus aluspinnas k\u00f5ige viljakamat t\u00fc\u00fcpi pole. Kui tagatud on piisavalt p\u00e4ikeseline koht ning hea drenaa\u017e, saab taim igati h\u00e4sti hakkama ning pakub meeleheaks suve algusest kuni keskpaigani vaatem\u00e4ngulist lehestiku kohale k\u00f5rguvat \u00f5itemerd n\u00e4ha. K\u00f5ige parem istutada vabakujulisse aeda v\u00f5i peenrasse, kuna v\u00f5ib ise paljuneda. Viimase v\u00e4ltimiseks l\u00f5igata \u00f5ievarred p\u00e4rast \u00f5itsemist. Seenhaiguste v\u00e4ltimiseks l\u00f5igata s\u00fcgisel maani tagasi.<\/p>","protected":false},"featured_media":25254,"template":"","meta":[],"product_brand":[],"product_cat":[4415,4413,6934,4406,4401,4412,22],"product_tag":[],"class_list":{"0":"post-8159","1":"product","2":"type-product","3":"status-publish","4":"has-post-thumbnail","6":"product_cat-lilleaed","7":"product_cat-loikelilleaed","8":"product_cat-mesilassobralik-aed","9":"product_cat-park","10":"product_cat-pusikud","11":"product_cat-varjuaed","12":"product_cat-taimed","13":"pa_kasvukorgus-60-75-cm","14":"pa_laius-40-cm","15":"pa_lisainfo-sobib-osalise-varjuga-kasvualale","16":"pa_oie-varv-roosa","17":"pa_oitsemise-aeg-mai-juuni","18":"pa_talvekindlus-vaga-hea","19":"pa_tingimused-hea-drenaaz","20":"pa_tingimused-niiske","21":"pa_tingimused-parasniiske","22":"pa_tsoon-3-8","23":"pa_valguse-tingimused-paike","24":"pa_valguse-tingimused-poolvari","25":"pa_variatsioon-suurem-pott","26":"pa_variatsioon-vaiksem-pott","28":"first","29":"instock","30":"purchasable","31":"product-type-variable"},"acf":[],"_links":{"self":[{"href":"https:\/\/dev.garden.ee\/en\/wp-json\/wp\/v2\/product\/8159","targetHints":{"allow":["GET"]}}],"collection":[{"href":"https:\/\/dev.garden.ee\/en\/wp-json\/wp\/v2\/product"}],"about":[{"href":"https:\/\/dev.garden.ee\/en\/wp-json\/wp\/v2\/types\/product"}],"wp:featuredmedia":[{"embeddable":true,"href":"https:\/\/dev.garden.ee\/en\/wp-json\/wp\/v2\/media\/25254"}],"wp:attachment":[{"href":"https:\/\/dev.garden.ee\/en\/wp-json\/wp\/v2\/media?parent=8159"}],"wp:term":[{"taxonomy":"product_brand","embeddable":true,"href":"https:\/\/dev.garden.ee\/en\/wp-json\/wp\/v2\/product_brand?post=8159"},{"taxonomy":"product_cat","embeddable":true,"href":"https:\/\/dev.garden.ee\/en\/wp-json\/wp\/v2\/product_cat?post=8159"},{"taxonomy":"product_tag","embeddable":true,"href":"https:\/\/dev.garden.ee\/en\/wp-json\/wp\/v2\/product_tag?post=8159"}],"curies":[{"name":"wp","href":"https:\/\/api.w.org\/{rel}","templated":true}]}}