{"id":8083,"date":"2023-01-18T18:05:31","date_gmt":"2023-01-18T16:05:31","guid":{"rendered":"https:\/\/dev.zezz.ee\/garden\/toode\/lilium-sweet-surrender\/"},"modified":"2026-01-15T21:30:47","modified_gmt":"2026-01-15T19:30:47","slug":"lilium-sweet-surrender","status":"publish","type":"product","link":"https:\/\/dev.garden.ee\/en\/product\/lilium-sweet-surrender\/","title":{"rendered":"Lilium &#8216;Sweet Surrender&#8217;"},"content":{"rendered":"<input class=\"fooboxshare_post_id\" type=\"hidden\" value=\"8083\"\/>","protected":false},"excerpt":{"rendered":"<p>Avanedes on \u00f5ied kollase kumaga kreemjad, ajapikku muutuvad \u00f5ied aina valgemaks ning pruunid t\u00e4hnistused tulevad \u00fcha paremini esile. Kroonlehed on kergelt kaardunud.<\/p>","protected":false},"featured_media":8084,"template":"","meta":[],"product_brand":[],"product_cat":[4403,4415,4414,4413,4401,4391,22],"product_tag":[9626,9456],"class_list":{"0":"post-8083","1":"product","2":"type-product","3":"status-publish","4":"has-post-thumbnail","6":"product_cat-kodu","7":"product_cat-lilleaed","8":"product_cat-lohnaaed","9":"product_cat-loikelilleaed","10":"product_cat-pusikud","11":"product_cat-sibullilled","12":"product_cat-taimed","13":"product_tag-soodushind-70","14":"product_tag-tiigerliilia","15":"pa_moodud-k-100-cm","16":"pa_oie-varv-kreemjas","17":"pa_oitsemise-aeg-august","18":"pa_variatsioon-sibul-ainult-kevadel","19":"pa_variatsioon-suurem-pott","21":"first","22":"instock","23":"sale","24":"taxable","25":"shipping-taxable","26":"purchasable","27":"product-type-variable"},"acf":[],"_links":{"self":[{"href":"https:\/\/dev.garden.ee\/en\/wp-json\/wp\/v2\/product\/8083","targetHints":{"allow":["GET"]}}],"collection":[{"href":"https:\/\/dev.garden.ee\/en\/wp-json\/wp\/v2\/product"}],"about":[{"href":"https:\/\/dev.garden.ee\/en\/wp-json\/wp\/v2\/types\/product"}],"wp:featuredmedia":[{"embeddable":true,"href":"https:\/\/dev.garden.ee\/en\/wp-json\/wp\/v2\/media\/8084"}],"wp:attachment":[{"href":"https:\/\/dev.garden.ee\/en\/wp-json\/wp\/v2\/media?parent=8083"}],"wp:term":[{"taxonomy":"product_brand","embeddable":true,"href":"https:\/\/dev.garden.ee\/en\/wp-json\/wp\/v2\/product_brand?post=8083"},{"taxonomy":"product_cat","embeddable":true,"href":"https:\/\/dev.garden.ee\/en\/wp-json\/wp\/v2\/product_cat?post=8083"},{"taxonomy":"product_tag","embeddable":true,"href":"https:\/\/dev.garden.ee\/en\/wp-json\/wp\/v2\/product_tag?post=8083"}],"curies":[{"name":"wp","href":"https:\/\/api.w.org\/{rel}","templated":true}]}}