{"id":8080,"date":"2023-01-18T18:05:28","date_gmt":"2023-01-18T16:05:28","guid":{"rendered":"https:\/\/dev.zezz.ee\/garden\/toode\/lilium-rising-moon\/"},"modified":"2026-01-15T21:20:09","modified_gmt":"2026-01-15T19:20:09","slug":"lilium-rising-moon","status":"publish","type":"product","link":"https:\/\/dev.garden.ee\/en\/product\/lilium-rising-moon\/","title":{"rendered":"Lilium &#8216;Rising Moon&#8217;"},"content":{"rendered":"<input class=\"fooboxshare_post_id\" type=\"hidden\" value=\"8080\"\/>","protected":false},"excerpt":{"rendered":"<p>Sordil on majesteetlikud k\u00fcllaltki suured trompetjad \u00f5ied.\u00a0Kergelt allapoole vaatavad \u00f5ied on\u00a0kuldsed, roosa \u00e4\u00e4ristusega ja rohelise s\u00fcdamikuga. Lisaks sooja v\u00e4rvi s\u00e4rale\u00a0t\u00e4idavad terve aia ka m\u00f5nusa l\u00f5hnaga.\u00a0Hoolimata oma pikkusele p\u00fcsivad varred kenasti p\u00fcsti.<\/p>","protected":false},"featured_media":8081,"template":"","meta":[],"product_brand":[],"product_cat":[4403,4415,4414,4413,4401,4391,22],"product_tag":[9626,9451],"class_list":{"0":"post-8080","1":"product","2":"type-product","3":"status-publish","4":"has-post-thumbnail","6":"product_cat-kodu","7":"product_cat-lilleaed","8":"product_cat-lohnaaed","9":"product_cat-loikelilleaed","10":"product_cat-pusikud","11":"product_cat-sibullilled","12":"product_cat-taimed","13":"product_tag-soodushind-70","14":"product_tag-trompetliilia","15":"pa_lohn-lohnav","16":"pa_moodud-k-120-cm-l-30-cm","17":"pa_oie-varv-roosa","18":"pa_oitsemise-aeg-juuli-august","19":"pa_talvekindlus-vaga-hea","20":"pa_tsoon-3-8","21":"pa_variatsioon-sibul-ainult-kevadel","22":"pa_variatsioon-suurem-pott","24":"first","25":"instock","26":"sale","27":"taxable","28":"shipping-taxable","29":"purchasable","30":"product-type-variable"},"acf":[],"_links":{"self":[{"href":"https:\/\/dev.garden.ee\/en\/wp-json\/wp\/v2\/product\/8080","targetHints":{"allow":["GET"]}}],"collection":[{"href":"https:\/\/dev.garden.ee\/en\/wp-json\/wp\/v2\/product"}],"about":[{"href":"https:\/\/dev.garden.ee\/en\/wp-json\/wp\/v2\/types\/product"}],"wp:featuredmedia":[{"embeddable":true,"href":"https:\/\/dev.garden.ee\/en\/wp-json\/wp\/v2\/media\/8081"}],"wp:attachment":[{"href":"https:\/\/dev.garden.ee\/en\/wp-json\/wp\/v2\/media?parent=8080"}],"wp:term":[{"taxonomy":"product_brand","embeddable":true,"href":"https:\/\/dev.garden.ee\/en\/wp-json\/wp\/v2\/product_brand?post=8080"},{"taxonomy":"product_cat","embeddable":true,"href":"https:\/\/dev.garden.ee\/en\/wp-json\/wp\/v2\/product_cat?post=8080"},{"taxonomy":"product_tag","embeddable":true,"href":"https:\/\/dev.garden.ee\/en\/wp-json\/wp\/v2\/product_tag?post=8080"}],"curies":[{"name":"wp","href":"https:\/\/api.w.org\/{rel}","templated":true}]}}