{"id":8046,"date":"2023-01-18T18:05:10","date_gmt":"2023-01-18T16:05:10","guid":{"rendered":"https:\/\/dev.zezz.ee\/garden\/toode\/armeria-maritima-alba-uus\/"},"modified":"2026-02-16T20:53:21","modified_gmt":"2026-02-16T18:53:21","slug":"armeria-maritima-alba","status":"publish","type":"product","link":"https:\/\/dev.garden.ee\/en\/product\/armeria-maritima-alba\/","title":{"rendered":"Armeria maritima &#8216;Alba&#8217;"},"content":{"rendered":"<input class=\"fooboxshare_post_id\" type=\"hidden\" value=\"8046\"\/>","protected":false},"excerpt":{"rendered":"<p>Igihaljas kompaktne taim, tumeroheline nooljas lehestik sarnaneb pigem pehmele murum\u00e4ttale, kust kerkivatel vartel avanevad \u00fcmmargused, valged, pallikujulised \u00f5ied. \u00d5itsemine on rikkalik. N\u00e4rbunud \u00f5ite \u00e4ral\u00f5ikamine tagab uue \u00f5itsemise. Taime levik on aeglane. Ideaalne alpiaia taim.<\/p>\n<p>Meelitab aeda mesilasi ja liblikaid.<\/p>","protected":false},"featured_media":23159,"template":"","meta":[],"product_brand":[],"product_cat":[4415,6934,9200,4401,22],"product_tag":[],"class_list":{"0":"post-8046","1":"product","2":"type-product","3":"status-publish","4":"has-post-thumbnail","6":"product_cat-lilleaed","7":"product_cat-mesilassobralik-aed","8":"product_cat-pinnakatjad","9":"product_cat-pusikud","10":"product_cat-taimed","11":"pa_haiguskindlus-vaga-hea","12":"pa_kasvukorgus-10-20-cm","13":"pa_laius-15-30-cm","14":"pa_lisainfo-mesilaste-lemmik","15":"pa_oie-varv-valge","16":"pa_oitsemise-aeg-juuni-juuli","17":"pa_talvekindlus-vaga-hea","18":"pa_tingimused-hea-drenaaz","19":"pa_tingimused-vaheviljakas","20":"pa_tsoon-2-9","21":"pa_valguse-tingimused-paike","22":"pa_variatsioon-suurem-pott","23":"pa_variatsioon-vaiksem-pott","25":"first","26":"instock","27":"purchasable","28":"product-type-variable"},"acf":[],"_links":{"self":[{"href":"https:\/\/dev.garden.ee\/en\/wp-json\/wp\/v2\/product\/8046","targetHints":{"allow":["GET"]}}],"collection":[{"href":"https:\/\/dev.garden.ee\/en\/wp-json\/wp\/v2\/product"}],"about":[{"href":"https:\/\/dev.garden.ee\/en\/wp-json\/wp\/v2\/types\/product"}],"wp:featuredmedia":[{"embeddable":true,"href":"https:\/\/dev.garden.ee\/en\/wp-json\/wp\/v2\/media\/23159"}],"wp:attachment":[{"href":"https:\/\/dev.garden.ee\/en\/wp-json\/wp\/v2\/media?parent=8046"}],"wp:term":[{"taxonomy":"product_brand","embeddable":true,"href":"https:\/\/dev.garden.ee\/en\/wp-json\/wp\/v2\/product_brand?post=8046"},{"taxonomy":"product_cat","embeddable":true,"href":"https:\/\/dev.garden.ee\/en\/wp-json\/wp\/v2\/product_cat?post=8046"},{"taxonomy":"product_tag","embeddable":true,"href":"https:\/\/dev.garden.ee\/en\/wp-json\/wp\/v2\/product_tag?post=8046"}],"curies":[{"name":"wp","href":"https:\/\/api.w.org\/{rel}","templated":true}]}}