{"id":7992,"date":"2023-01-18T18:04:33","date_gmt":"2023-01-18T16:04:33","guid":{"rendered":"https:\/\/dev.zezz.ee\/garden\/toode\/lilium-shine-on\/"},"modified":"2026-01-16T10:09:57","modified_gmt":"2026-01-16T08:09:57","slug":"lilium-shine-on","status":"publish","type":"product","link":"https:\/\/dev.garden.ee\/en\/product\/lilium-shine-on\/","title":{"rendered":"Lilium &#8216;Shine On&#8217;"},"content":{"rendered":"<input class=\"fooboxshare_post_id\" type=\"hidden\" value=\"7992\"\/>","protected":false},"excerpt":{"rendered":"<p>K\u00fclluslikult \u00f5itsev sort, \u00fcles keerdunud kroonlehed aprikoosikuldsed. Pikad, silmatorkavad tolmukad.<\/p>\n<p>Liilia kuulub OT-H\u00fcbriid r\u00fchma &#8211; Idah\u00fcbriidi ja trompetliilia ristand. \u00d5ite kaunis v\u00e4rv ning tugev l\u00f5hn p\u00e4rineb idah\u00fcbriididelt ja vastupidavus ning \u00f5ite kaunis suurus (u15cm) p\u00e4rineb trompetliiliatelt. Antud r\u00fchm on esinduslik just t\u00e4nu oma k\u00f5rgeimale kasvule liiliate seas. \u00dchel t\u00e4isj\u00f5us varrel v\u00f5ib olla lausa 20-30 \u00f5it.<\/p>\n<p>Sibula suurus 16\/18<\/p>","protected":false},"featured_media":7993,"template":"","meta":[],"product_brand":[],"product_cat":[4403,4415,4414,4413,4401,4391,22],"product_tag":[9452,9417],"class_list":{"0":"post-7992","1":"product","2":"type-product","3":"status-publish","4":"has-post-thumbnail","6":"product_cat-kodu","7":"product_cat-lilleaed","8":"product_cat-lohnaaed","9":"product_cat-loikelilleaed","10":"product_cat-pusikud","11":"product_cat-sibullilled","12":"product_cat-taimed","13":"product_tag-ot-hubriid-liilia","14":"product_tag-soodushind-50","15":"pa_lohn-tugev","16":"pa_moodud-k-120-cm-l-20-cm","17":"pa_oie-varv-kreemjas","18":"pa_oitsemise-aeg-juuli-august","19":"pa_variatsioon-sibul-ainult-kevadel","20":"pa_variatsioon-suurem-pott","22":"first","23":"instock","24":"sale","25":"taxable","26":"shipping-taxable","27":"purchasable","28":"product-type-variable"},"acf":[],"_links":{"self":[{"href":"https:\/\/dev.garden.ee\/en\/wp-json\/wp\/v2\/product\/7992","targetHints":{"allow":["GET"]}}],"collection":[{"href":"https:\/\/dev.garden.ee\/en\/wp-json\/wp\/v2\/product"}],"about":[{"href":"https:\/\/dev.garden.ee\/en\/wp-json\/wp\/v2\/types\/product"}],"wp:featuredmedia":[{"embeddable":true,"href":"https:\/\/dev.garden.ee\/en\/wp-json\/wp\/v2\/media\/7993"}],"wp:attachment":[{"href":"https:\/\/dev.garden.ee\/en\/wp-json\/wp\/v2\/media?parent=7992"}],"wp:term":[{"taxonomy":"product_brand","embeddable":true,"href":"https:\/\/dev.garden.ee\/en\/wp-json\/wp\/v2\/product_brand?post=7992"},{"taxonomy":"product_cat","embeddable":true,"href":"https:\/\/dev.garden.ee\/en\/wp-json\/wp\/v2\/product_cat?post=7992"},{"taxonomy":"product_tag","embeddable":true,"href":"https:\/\/dev.garden.ee\/en\/wp-json\/wp\/v2\/product_tag?post=7992"}],"curies":[{"name":"wp","href":"https:\/\/api.w.org\/{rel}","templated":true}]}}