{"id":7948,"date":"2023-01-18T18:04:08","date_gmt":"2023-01-18T16:04:08","guid":{"rendered":"https:\/\/dev.zezz.ee\/garden\/toode\/lilium-dynamix\/"},"modified":"2026-01-15T20:11:59","modified_gmt":"2026-01-15T18:11:59","slug":"lilium-dynamix","status":"publish","type":"product","link":"https:\/\/dev.garden.ee\/en\/product\/lilium-dynamix\/","title":{"rendered":"Lilium &#8216;Dynamix&#8217;"},"content":{"rendered":"<input class=\"fooboxshare_post_id\" type=\"hidden\" value=\"7948\"\/>","protected":false},"excerpt":{"rendered":"<p>Liilia kuulub LA-r\u00fchma\u00a0(<em>Longiflorum-Asiatic<\/em>) &#8211; aasia liilia ja pika\u00f5ielise liilia ristand. Antud grupile on omased pika\u00f5ielise liilia rikkalikult \u00f5itsevad, erksav\u00e4rvilised ja aromaatsed ning aasia liiliale omaselt \u00fclesvaatavad, suured \u00f5ied, nii kaunid, et pilku neilt ei saa p\u00f6\u00f6rata. Sordil on suured veripunased \u00f5ied, meeldivalt magus l\u00f5hn ja tugevad varred. Suurep\u00e4rane ka l\u00f5ikelillena.\u00a0Istuta aeda r\u00fchmana v\u00f5i \u00fcksikult.<\/p>","protected":false},"featured_media":7949,"template":"","meta":[],"product_brand":[],"product_cat":[4403,4415,4414,4413,4401,4391,22],"product_tag":[9453,9417],"class_list":{"0":"post-7948","1":"product","2":"type-product","3":"status-publish","4":"has-post-thumbnail","6":"product_cat-kodu","7":"product_cat-lilleaed","8":"product_cat-lohnaaed","9":"product_cat-loikelilleaed","10":"product_cat-pusikud","11":"product_cat-sibullilled","12":"product_cat-taimed","13":"product_tag-la-longiflorum-asiatic-liilia","14":"product_tag-soodushind-50","15":"pa_lohn-lohnav","16":"pa_moodud-k-100-110-cm-l-25-cm","17":"pa_oie-varv-punane","18":"pa_oitsemise-aeg-juuli","19":"pa_variatsioon-sibul-ainult-kevadel","20":"pa_variatsioon-suurem-pott","22":"first","23":"instock","24":"sale","25":"taxable","26":"shipping-taxable","27":"purchasable","28":"product-type-variable"},"acf":[],"_links":{"self":[{"href":"https:\/\/dev.garden.ee\/en\/wp-json\/wp\/v2\/product\/7948","targetHints":{"allow":["GET"]}}],"collection":[{"href":"https:\/\/dev.garden.ee\/en\/wp-json\/wp\/v2\/product"}],"about":[{"href":"https:\/\/dev.garden.ee\/en\/wp-json\/wp\/v2\/types\/product"}],"wp:featuredmedia":[{"embeddable":true,"href":"https:\/\/dev.garden.ee\/en\/wp-json\/wp\/v2\/media\/7949"}],"wp:attachment":[{"href":"https:\/\/dev.garden.ee\/en\/wp-json\/wp\/v2\/media?parent=7948"}],"wp:term":[{"taxonomy":"product_brand","embeddable":true,"href":"https:\/\/dev.garden.ee\/en\/wp-json\/wp\/v2\/product_brand?post=7948"},{"taxonomy":"product_cat","embeddable":true,"href":"https:\/\/dev.garden.ee\/en\/wp-json\/wp\/v2\/product_cat?post=7948"},{"taxonomy":"product_tag","embeddable":true,"href":"https:\/\/dev.garden.ee\/en\/wp-json\/wp\/v2\/product_tag?post=7948"}],"curies":[{"name":"wp","href":"https:\/\/api.w.org\/{rel}","templated":true}]}}