{"id":794,"date":"2023-01-18T16:57:23","date_gmt":"2023-01-18T14:57:23","guid":{"rendered":"https:\/\/dev.zezz.ee\/garden\/toode\/anemone-nemorosa-robinsoniana\/"},"modified":"2026-02-16T18:03:32","modified_gmt":"2026-02-16T16:03:32","slug":"anemone-nemorosa-robinsoniana","status":"publish","type":"product","link":"https:\/\/dev.garden.ee\/en\/product\/anemone-nemorosa-robinsoniana\/","title":{"rendered":"Anemone nemorosa &#8216;Robinsoniana&#8217;"},"content":{"rendered":"<input class=\"fooboxshare_post_id\" type=\"hidden\" value=\"794\"\/>","protected":false},"excerpt":{"rendered":"<p>\u00d5ied lavendelsinised, altpoolt hallikas-kreemikad. Liht\u00f5ite suurus 3 &#8211; 4 cm. Lehestik on s\u00fcgavalt l\u00f5histunud. Suve jooksul kaob lehestik t\u00e4iesti \u00e4ra, uued t\u00f5usmed ilmuvad s\u00fcgisel.<\/p>\n<p>Kaaslastena sobivad nt Primula hybrida &#8216;Blue Zebra&#8217;,\u00a0<a>Adiantum venustum\u00a0<\/a><em>. Vt all &#8211; seotud tooted.<\/em><\/p>","protected":false},"featured_media":795,"template":"","meta":[],"product_brand":[],"product_cat":[4406,9200,4401,4412,22],"product_tag":[],"class_list":{"0":"post-794","1":"product","2":"type-product","3":"status-publish","4":"has-post-thumbnail","6":"product_cat-park","7":"product_cat-pinnakatjad","8":"product_cat-pusikud","9":"product_cat-varjuaed","10":"product_cat-taimed","11":"pa_kasvukorgus-20-cm","12":"pa_laius-20-30-cm","13":"pa_lisainfo-sobib-osalise-varjuga-kasvualale","14":"pa_oie-varv-lilla","15":"pa_oitsemise-aeg-aprill","16":"pa_talvekindlus-vaga-hea","17":"pa_tingimused-hea-drenaaz","18":"pa_tingimused-koik-mullatuubid","19":"pa_tingimused-parasniiske","20":"pa_tingimused-v-a-savi","21":"pa_tsoon-4-9","22":"pa_valguse-tingimused-poolvari","23":"pa_variatsioon-vaiksem-pott","25":"first","26":"instock","27":"purchasable","28":"product-type-variable"},"acf":[],"_links":{"self":[{"href":"https:\/\/dev.garden.ee\/en\/wp-json\/wp\/v2\/product\/794","targetHints":{"allow":["GET"]}}],"collection":[{"href":"https:\/\/dev.garden.ee\/en\/wp-json\/wp\/v2\/product"}],"about":[{"href":"https:\/\/dev.garden.ee\/en\/wp-json\/wp\/v2\/types\/product"}],"wp:featuredmedia":[{"embeddable":true,"href":"https:\/\/dev.garden.ee\/en\/wp-json\/wp\/v2\/media\/795"}],"wp:attachment":[{"href":"https:\/\/dev.garden.ee\/en\/wp-json\/wp\/v2\/media?parent=794"}],"wp:term":[{"taxonomy":"product_brand","embeddable":true,"href":"https:\/\/dev.garden.ee\/en\/wp-json\/wp\/v2\/product_brand?post=794"},{"taxonomy":"product_cat","embeddable":true,"href":"https:\/\/dev.garden.ee\/en\/wp-json\/wp\/v2\/product_cat?post=794"},{"taxonomy":"product_tag","embeddable":true,"href":"https:\/\/dev.garden.ee\/en\/wp-json\/wp\/v2\/product_tag?post=794"}],"curies":[{"name":"wp","href":"https:\/\/api.w.org\/{rel}","templated":true}]}}