{"id":791,"date":"2023-01-18T16:57:20","date_gmt":"2023-01-18T14:57:20","guid":{"rendered":"https:\/\/dev.zezz.ee\/garden\/toode\/anemone-nemorosa-vestal\/"},"modified":"2026-02-16T18:09:31","modified_gmt":"2026-02-16T16:09:31","slug":"anemone-nemorosa-vestal","status":"publish","type":"product","link":"https:\/\/dev.garden.ee\/en\/product\/anemone-nemorosa-vestal\/","title":{"rendered":"Anemone nemorosa &#8216;Vestal&#8217;"},"content":{"rendered":"<input class=\"fooboxshare_post_id\" type=\"hidden\" value=\"791\"\/>","protected":false},"excerpt":{"rendered":"<p>\u00dcks kaunemaid v\u00f5sa\u00fclaseid. Elegantsed valged kroonlehed, mille keskmes v\u00e4ike rosetjas padjand. 2,5 cm \u00f5ied kevadel kaunilt pealpool lehestikku. V\u00f5sa\u00fclased \u00f5itsevad varakevadel, kui suurem lillede \u00f5itseaeg alles kogub hoogu. Ideaalne kasvatamiseks massina avatud metsaaias, suurte puude all, kus m\u00f5ningane vari. Katab h\u00e4sti kogu metsaaluse v\u00f5i p\u00f5\u00f5sastevahelise pinna. Mullastiku suhtes on ta leplik, kuid niiskem kasvukoht on k\u00fcll oluline.\u00a0Lehestik kaob suve teises pooles, uued t\u00f5usmed s\u00fcgisel.<\/p>\n<p>Kaaslasena sobib nt\u00a0Adiantum venustum<em>. Vt all &#8211; seotud tooted.<\/em><\/p>","protected":false},"featured_media":792,"template":"","meta":[],"product_brand":[],"product_cat":[4415,4406,9200,4401,4412,22],"product_tag":[],"class_list":{"0":"post-791","1":"product","2":"type-product","3":"status-publish","4":"has-post-thumbnail","6":"product_cat-lilleaed","7":"product_cat-park","8":"product_cat-pinnakatjad","9":"product_cat-pusikud","10":"product_cat-varjuaed","11":"product_cat-taimed","12":"pa_haiguskindlus-vaga-hea","13":"pa_kasvukorgus-15-cm","14":"pa_laius-30-cm","15":"pa_lisainfo-sobib-osalise-varjuga-kasvualale","16":"pa_oie-varv-valge","17":"pa_oitsemise-aeg-aprill","18":"pa_talvekindlus-vaga-hea","19":"pa_tingimused-niiske","20":"pa_tingimused-viljakas","21":"pa_tsoon-4-9","22":"pa_valguse-tingimused-poolvari","23":"pa_variatsioon-suurem-pott","24":"pa_variatsioon-vaiksem-pott","26":"first","27":"onbackorder","28":"purchasable","29":"product-type-variable"},"acf":[],"_links":{"self":[{"href":"https:\/\/dev.garden.ee\/en\/wp-json\/wp\/v2\/product\/791","targetHints":{"allow":["GET"]}}],"collection":[{"href":"https:\/\/dev.garden.ee\/en\/wp-json\/wp\/v2\/product"}],"about":[{"href":"https:\/\/dev.garden.ee\/en\/wp-json\/wp\/v2\/types\/product"}],"wp:featuredmedia":[{"embeddable":true,"href":"https:\/\/dev.garden.ee\/en\/wp-json\/wp\/v2\/media\/792"}],"wp:attachment":[{"href":"https:\/\/dev.garden.ee\/en\/wp-json\/wp\/v2\/media?parent=791"}],"wp:term":[{"taxonomy":"product_brand","embeddable":true,"href":"https:\/\/dev.garden.ee\/en\/wp-json\/wp\/v2\/product_brand?post=791"},{"taxonomy":"product_cat","embeddable":true,"href":"https:\/\/dev.garden.ee\/en\/wp-json\/wp\/v2\/product_cat?post=791"},{"taxonomy":"product_tag","embeddable":true,"href":"https:\/\/dev.garden.ee\/en\/wp-json\/wp\/v2\/product_tag?post=791"}],"curies":[{"name":"wp","href":"https:\/\/api.w.org\/{rel}","templated":true}]}}