{"id":786,"date":"2023-01-18T16:57:17","date_gmt":"2023-01-18T14:57:17","guid":{"rendered":"https:\/\/dev.zezz.ee\/garden\/toode\/amsonia-hubrichtii\/"},"modified":"2026-02-13T21:10:28","modified_gmt":"2026-02-13T19:10:28","slug":"amsonia-hubrichtii","status":"publish","type":"product","link":"https:\/\/dev.garden.ee\/en\/product\/amsonia-hubrichtii\/","title":{"rendered":"Amsonia hubrichtii"},"content":{"rendered":"<input class=\"fooboxshare_post_id\" type=\"hidden\" value=\"786\"\/>","protected":false},"excerpt":{"rendered":"<p>T\u00f5eliselt m\u00e4rkimisv\u00e4\u00e4rne taim, mis p\u00fc\u00fcab t\u00e4helepanu aastaringselt. Kevadine hooaeg algab kaunite t\u00e4htheinakujuliste \u00f5itega. Suvel \u00e4ratavad t\u00e4helepanu atraktiivsed sulgjad lehed, mis s\u00fcgise saabudes oma helerohelise v\u00e4rvi, vahetavad hoopiski kauni kuldkollase vastu. Pikemaajaliseks \u00f5itsemiseks eelistab varjulist kohta, aga s\u00e4rava lehestiku s\u00e4ilitamiseks eelistab p\u00e4ikesepaistet. Varjulises kohas n\u00f5uab taim toestamist. Peale \u00f5itsemist tuleks \u00f5isikud eemaldada, et p\u00f5\u00f5sas s\u00e4ilitaks s\u00fcgiseks ilusa kuju. Kui on lumevaene talv, siis vajab katet. Meelitab liblikaid.\u00a0Taime paljundatakse jagamise teel\u00a0varas\u00fcgisel v\u00f5i seemnetest. Eriti imetlusv\u00e4\u00e4rne, kui on massina istutatud, kuid sobib ideaalselt ka maakodu-aeda, avatud planeeringuga metsaaeda, loodusaeda v\u00f5i hoopiski p\u00fcsikute hulka.<\/p>","protected":false},"featured_media":787,"template":"","meta":[],"product_brand":[],"product_cat":[4415,4401,22],"product_tag":[],"class_list":{"0":"post-786","1":"product","2":"type-product","3":"status-publish","4":"has-post-thumbnail","6":"product_cat-lilleaed","7":"product_cat-pusikud","8":"product_cat-taimed","9":"pa_haiguskindlus-vaga-hea","10":"pa_kasvukorgus-70-90-cm","11":"pa_laius-60-90-cm","12":"pa_lisainfo-pilgupuudja","13":"pa_oie-varv-sinine","14":"pa_oitsemise-aeg-mai","15":"pa_talvekindlus-hea","16":"pa_tingimused-hea-drenaaz","17":"pa_tingimused-niiske","18":"pa_tsoon-5-9","19":"pa_valguse-tingimused-paike","20":"pa_valguse-tingimused-poolvari","21":"pa_variatsioon-suurem-pott","22":"pa_variatsioon-vaiksem-pott","24":"first","25":"onbackorder","26":"purchasable","27":"product-type-variable"},"acf":[],"_links":{"self":[{"href":"https:\/\/dev.garden.ee\/en\/wp-json\/wp\/v2\/product\/786","targetHints":{"allow":["GET"]}}],"collection":[{"href":"https:\/\/dev.garden.ee\/en\/wp-json\/wp\/v2\/product"}],"about":[{"href":"https:\/\/dev.garden.ee\/en\/wp-json\/wp\/v2\/types\/product"}],"wp:featuredmedia":[{"embeddable":true,"href":"https:\/\/dev.garden.ee\/en\/wp-json\/wp\/v2\/media\/787"}],"wp:attachment":[{"href":"https:\/\/dev.garden.ee\/en\/wp-json\/wp\/v2\/media?parent=786"}],"wp:term":[{"taxonomy":"product_brand","embeddable":true,"href":"https:\/\/dev.garden.ee\/en\/wp-json\/wp\/v2\/product_brand?post=786"},{"taxonomy":"product_cat","embeddable":true,"href":"https:\/\/dev.garden.ee\/en\/wp-json\/wp\/v2\/product_cat?post=786"},{"taxonomy":"product_tag","embeddable":true,"href":"https:\/\/dev.garden.ee\/en\/wp-json\/wp\/v2\/product_tag?post=786"}],"curies":[{"name":"wp","href":"https:\/\/api.w.org\/{rel}","templated":true}]}}